{"id":7429,"date":"2025-06-10T13:39:07","date_gmt":"2025-06-10T11:39:07","guid":{"rendered":"https:\/\/www.chateau-de-bogard.com\/?page_id=7429"},"modified":"2026-03-11T06:49:33","modified_gmt":"2026-03-11T05:49:33","slug":"contact-2","status":"publish","type":"page","link":"https:\/\/www.chateau-de-bogard.com\/en\/contact-2\/","title":{"rendered":"Contact"},"content":{"rendered":"<div class=\"wpb-content-wrapper\"><p>[vc_row css=&#8221;.vc_custom_1696045176942{background-position: 0 0 !important;background-repeat: repeat !important;}&#8221;][vc_column][vc_empty_space height=&#8221;62px&#8221;][vc_row_inner content_width=&#8221;grid&#8221;][vc_column_inner width=&#8221;1\/2&#8243;]\n<div class=\"wpcf7 no-js\" id=\"wpcf7-f3925-o1\" lang=\"fr-FR\" dir=\"ltr\" data-wpcf7-id=\"3925\">\n<div class=\"screen-reader-response\"><p role=\"status\" aria-live=\"polite\" aria-atomic=\"true\"><\/p> <ul><\/ul><\/div>\n<form action=\"\/en\/wp-json\/wp\/v2\/pages\/7429#wpcf7-f3925-o1\" method=\"post\" class=\"wpcf7-form init\" aria-label=\"Formulaire de contact\" novalidate=\"novalidate\" data-status=\"init\">\n<fieldset class=\"hidden-fields-container\"><input type=\"hidden\" name=\"_wpcf7\" value=\"3925\" \/><input type=\"hidden\" name=\"_wpcf7_version\" value=\"6.1.5\" \/><input type=\"hidden\" name=\"_wpcf7_locale\" value=\"fr_FR\" \/><input type=\"hidden\" name=\"_wpcf7_unit_tag\" value=\"wpcf7-f3925-o1\" \/><input type=\"hidden\" name=\"_wpcf7_container_post\" value=\"0\" \/><input type=\"hidden\" name=\"_wpcf7_posted_data_hash\" value=\"\" \/>\n<\/fieldset>\n<p><label> Nom \/ Name<br \/>\n<span class=\"wpcf7-form-control-wrap\" data-name=\"nom\"><input size=\"40\" maxlength=\"400\" class=\"wpcf7-form-control wpcf7-text wpcf7-validates-as-required\" aria-required=\"true\" aria-invalid=\"false\" value=\"\" type=\"text\" name=\"nom\" \/><\/span> <\/label><br \/>\n<label> Pr\u00e9nom \/ First Name<br \/>\n<span class=\"wpcf7-form-control-wrap\" data-name=\"prenom\"><input size=\"40\" maxlength=\"400\" class=\"wpcf7-form-control wpcf7-text wpcf7-validates-as-required\" aria-required=\"true\" aria-invalid=\"false\" value=\"\" type=\"text\" name=\"prenom\" \/><\/span><\/label><br \/>\n<label> Tel<br \/>\n<span class=\"wpcf7-form-control-wrap\" data-name=\"tel1\"><input size=\"40\" maxlength=\"400\" class=\"wpcf7-form-control wpcf7-text wpcf7-validates-as-required\" aria-required=\"true\" aria-invalid=\"false\" value=\"\" type=\"text\" name=\"tel1\" \/><\/span><\/label><br \/>\n<label> Code Postal \/ Zip Code<br \/>\n<span class=\"wpcf7-form-control-wrap\" data-name=\"zipcode\"><input size=\"40\" maxlength=\"5\" minlength=\"5\" class=\"wpcf7-form-control wpcf7-text wpcf7-validates-as-required\" aria-required=\"true\" aria-invalid=\"false\" value=\"\" type=\"text\" name=\"zipcode\" \/><\/span> <\/label><br \/>\n<label> Email<br \/>\n<span class=\"wpcf7-form-control-wrap\" data-name=\"your-email\"><input size=\"40\" maxlength=\"400\" class=\"wpcf7-form-control wpcf7-email wpcf7-validates-as-required wpcf7-text wpcf7-validates-as-email\" aria-required=\"true\" aria-invalid=\"false\" value=\"\" type=\"email\" name=\"your-email\" \/><\/span> <\/label><br \/>\n<label> Objet \/ Object<br \/>\n<span class=\"wpcf7-form-control-wrap\" data-name=\"your-subject\"><input size=\"40\" maxlength=\"400\" class=\"wpcf7-form-control wpcf7-text wpcf7-validates-as-required\" aria-required=\"true\" aria-invalid=\"false\" value=\"\" type=\"text\" name=\"your-subject\" \/><\/span> <\/label><br \/>\n<label> Votre message \/ Your message<br \/>\n<span class=\"wpcf7-form-control-wrap\" data-name=\"your-message\"><textarea cols=\"40\" rows=\"10\" maxlength=\"2000\" class=\"wpcf7-form-control wpcf7-textarea\" aria-invalid=\"false\" name=\"your-message\"><\/textarea><\/span> <\/label><br \/>\n<div id=\"cf7sr-69ea5c46aeaf6\" class=\"cf7sr-g-recaptcha\" data-theme=\"light\" data-type=\"image\" data-size=\"normal\" data-sitekey=\"6LewuHMpAAAAACLnKYLZhIGg8HFilUYU8naHQqio\"><\/div><span class=\"wpcf7-form-control-wrap cf7sr-recaptcha\" data-name=\"cf7sr-recaptcha\"><input type=\"hidden\" name=\"cf7sr-recaptcha\" value=\"\" class=\"wpcf7-form-control\"><\/span>\n<\/p>\n<p><input class=\"wpcf7-form-control wpcf7-submit has-spinner\" type=\"submit\" value=\"Envoyer \/ Send\" \/>\n<\/p><input type='hidden' class='wpcf7-pum' value='{\"closepopup\":false,\"closedelay\":0,\"openpopup\":false,\"openpopup_id\":0}' \/><div class=\"wpcf7-response-output\" aria-hidden=\"true\"><\/div>\n<\/form>\n<\/div>\n[\/vc_column_inner][vc_column_inner width=&#8221;1\/2&#8243;][vc_empty_space height=&#8221;67px&#8221;][vc_column_text]<\/p>\n<h3 style=\"text-align: center;\">To contact us,<\/h3>\n<h3 style=\"text-align: center;\">you can use the form opposite&#8230;<\/h3>\n<p>[\/vc_column_text][vc_empty_space height=&#8221;50px&#8221;][vc_column_text]<\/p>\n<h3 style=\"text-align: center;\">Or call us on one of the telephone numbers below&#8230;<\/h3>\n<p>[\/vc_column_text][vc_column_text]<\/p>\n<h3 style=\"text-align: center;\">Office: 02.96.42.38.25<\/h3>\n<h3 style=\"text-align: center;\">Visits contact: 06.23.27.36.34<\/h3>\n<h3 style=\"text-align: center;\">Rentals \/ Weddings contact: 06.76.56.88.58<\/h3>\n<p>[\/vc_column_text][vc_empty_space height=&#8221;50px&#8221;][vc_column_text]<\/p>\n<h3 style=\"text-align: center;\">Or write to us&#8230;<\/h3>\n<p>[\/vc_column_text][vc_column_text]<\/p>\n<h3 style=\"text-align: center;\">Ch\u00e2teau de Bogard, 22120 QUESSOY<\/h3>\n<h3 style=\"text-align: center;\">contact@chateau-de-bogard.com<\/h3>\n<p>[\/vc_column_text][\/vc_column_inner][\/vc_row_inner][vc_empty_space height=&#8221;62px&#8221;][\/vc_column][\/vc_row]<\/p>\n<\/div>","protected":false},"excerpt":{"rendered":"<p>[vc_row css=&#8221;.vc_custom_1696045176942{background-position: 0 0 !important;background-repeat: repeat !important;}&#8221;][vc_column][vc_empty_space height=&#8221;62px&#8221;][vc_row_inner content_width=&#8221;grid&#8221;][vc_column_inner width=&#8221;1\/2&#8243;][\/vc_column_inner][vc_column_inner width=&#8221;1\/2&#8243;][vc_empty_space height=&#8221;67px&#8221;][vc_column_text] To contact us, you can use the form opposite&#8230; [\/vc_column_text][vc_empty_space height=&#8221;50px&#8221;][vc_column_text] Or call us on one of the telephone numbers below&#8230; [\/vc_column_text][vc_column_text] Office: 02.96.42.38.25 Visits contact: 06.23.27.36.34 Rentals \/ Weddings contact: 06.76.56.88.58 [\/vc_column_text][vc_empty_space&#8230;<\/p>\n","protected":false},"author":2,"featured_media":0,"parent":0,"menu_order":0,"comment_status":"closed","ping_status":"closed","template":"full-width.php","meta":{"footnotes":""},"class_list":["post-7429","page","type-page","status-publish","hentry"],"yoast_head":"<!-- This site is optimized with the Yoast SEO plugin v26.6 - https:\/\/yoast.com\/wordpress\/plugins\/seo\/ -->\n<title>Contact - Ch\u00e2teau de Bogard<\/title>\n<meta name=\"description\" content=\"Contact Ch\u00e2teau de Bogard to organize your wedding or religious ceremony in Brittany, C\u00f4tes d&#039;Armor, Quessoy. You can organize any family or business reception, weekend get-together or corporate seminar in a prestigious setting.\" \/>\n<meta name=\"robots\" content=\"index, follow, max-snippet:-1, max-image-preview:large, max-video-preview:-1\" \/>\n<link rel=\"canonical\" href=\"https:\/\/www.chateau-de-bogard.com\/en\/contact-2\/\" \/>\n<meta property=\"og:locale\" content=\"en_US\" \/>\n<meta property=\"og:type\" content=\"article\" \/>\n<meta property=\"og:title\" content=\"Contact - Ch\u00e2teau de Bogard\" \/>\n<meta property=\"og:description\" content=\"Contact Ch\u00e2teau de Bogard to organize your wedding or religious ceremony in Brittany, C\u00f4tes d&#039;Armor, Quessoy. You can organize any family or business reception, weekend get-together or corporate seminar in a prestigious setting.\" \/>\n<meta property=\"og:url\" content=\"https:\/\/www.chateau-de-bogard.com\/en\/contact-2\/\" \/>\n<meta property=\"og:site_name\" content=\"Ch\u00e2teau de Bogard\" \/>\n<meta property=\"article:modified_time\" content=\"2026-03-11T05:49:33+00:00\" \/>\n<meta name=\"twitter:card\" content=\"summary_large_image\" \/>\n<meta name=\"twitter:label1\" content=\"Est. reading time\" \/>\n\t<meta name=\"twitter:data1\" content=\"1 minute\" \/>\n<script type=\"application\/ld+json\" class=\"yoast-schema-graph\">{\"@context\":\"https:\/\/schema.org\",\"@graph\":[{\"@type\":\"WebPage\",\"@id\":\"https:\/\/www.chateau-de-bogard.com\/en\/contact-2\/\",\"url\":\"https:\/\/www.chateau-de-bogard.com\/en\/contact-2\/\",\"name\":\"Contact - Ch\u00e2teau de Bogard\",\"isPartOf\":{\"@id\":\"https:\/\/www.chateau-de-bogard.com\/#website\"},\"datePublished\":\"2025-06-10T11:39:07+00:00\",\"dateModified\":\"2026-03-11T05:49:33+00:00\",\"description\":\"Contact Ch\u00e2teau de Bogard to organize your wedding or religious ceremony in Brittany, C\u00f4tes d'Armor, Quessoy. You can organize any family or business reception, weekend get-together or corporate seminar in a prestigious setting.\",\"breadcrumb\":{\"@id\":\"https:\/\/www.chateau-de-bogard.com\/en\/contact-2\/#breadcrumb\"},\"inLanguage\":\"en-US\",\"potentialAction\":[{\"@type\":\"ReadAction\",\"target\":[\"https:\/\/www.chateau-de-bogard.com\/en\/contact-2\/\"]}]},{\"@type\":\"BreadcrumbList\",\"@id\":\"https:\/\/www.chateau-de-bogard.com\/en\/contact-2\/#breadcrumb\",\"itemListElement\":[{\"@type\":\"ListItem\",\"position\":1,\"name\":\"Accueil\",\"item\":\"https:\/\/www.chateau-de-bogard.com\/en\/home\/\"},{\"@type\":\"ListItem\",\"position\":2,\"name\":\"Contact\"}]},{\"@type\":\"WebSite\",\"@id\":\"https:\/\/www.chateau-de-bogard.com\/#website\",\"url\":\"https:\/\/www.chateau-de-bogard.com\/\",\"name\":\"Ch\u00e2teau de Bogard\",\"description\":\"Mariages, C\u00e9r\u00e9monies la\u00efques, R\u00e9ceptions, \u00c9venementiel, s\u00e9minaires d&#039;entreprises\",\"potentialAction\":[{\"@type\":\"SearchAction\",\"target\":{\"@type\":\"EntryPoint\",\"urlTemplate\":\"https:\/\/www.chateau-de-bogard.com\/?s={search_term_string}\"},\"query-input\":{\"@type\":\"PropertyValueSpecification\",\"valueRequired\":true,\"valueName\":\"search_term_string\"}}],\"inLanguage\":\"en-US\"}]}<\/script>\n<!-- \/ Yoast SEO plugin. -->","yoast_head_json":{"title":"Contact - Ch\u00e2teau de Bogard","description":"Contact Ch\u00e2teau de Bogard to organize your wedding or religious ceremony in Brittany, C\u00f4tes d'Armor, Quessoy. You can organize any family or business reception, weekend get-together or corporate seminar in a prestigious setting.","robots":{"index":"index","follow":"follow","max-snippet":"max-snippet:-1","max-image-preview":"max-image-preview:large","max-video-preview":"max-video-preview:-1"},"canonical":"https:\/\/www.chateau-de-bogard.com\/en\/contact-2\/","og_locale":"en_US","og_type":"article","og_title":"Contact - Ch\u00e2teau de Bogard","og_description":"Contact Ch\u00e2teau de Bogard to organize your wedding or religious ceremony in Brittany, C\u00f4tes d'Armor, Quessoy. You can organize any family or business reception, weekend get-together or corporate seminar in a prestigious setting.","og_url":"https:\/\/www.chateau-de-bogard.com\/en\/contact-2\/","og_site_name":"Ch\u00e2teau de Bogard","article_modified_time":"2026-03-11T05:49:33+00:00","twitter_card":"summary_large_image","twitter_misc":{"Est. reading time":"1 minute"},"schema":{"@context":"https:\/\/schema.org","@graph":[{"@type":"WebPage","@id":"https:\/\/www.chateau-de-bogard.com\/en\/contact-2\/","url":"https:\/\/www.chateau-de-bogard.com\/en\/contact-2\/","name":"Contact - Ch\u00e2teau de Bogard","isPartOf":{"@id":"https:\/\/www.chateau-de-bogard.com\/#website"},"datePublished":"2025-06-10T11:39:07+00:00","dateModified":"2026-03-11T05:49:33+00:00","description":"Contact Ch\u00e2teau de Bogard to organize your wedding or religious ceremony in Brittany, C\u00f4tes d'Armor, Quessoy. You can organize any family or business reception, weekend get-together or corporate seminar in a prestigious setting.","breadcrumb":{"@id":"https:\/\/www.chateau-de-bogard.com\/en\/contact-2\/#breadcrumb"},"inLanguage":"en-US","potentialAction":[{"@type":"ReadAction","target":["https:\/\/www.chateau-de-bogard.com\/en\/contact-2\/"]}]},{"@type":"BreadcrumbList","@id":"https:\/\/www.chateau-de-bogard.com\/en\/contact-2\/#breadcrumb","itemListElement":[{"@type":"ListItem","position":1,"name":"Accueil","item":"https:\/\/www.chateau-de-bogard.com\/en\/home\/"},{"@type":"ListItem","position":2,"name":"Contact"}]},{"@type":"WebSite","@id":"https:\/\/www.chateau-de-bogard.com\/#website","url":"https:\/\/www.chateau-de-bogard.com\/","name":"Ch\u00e2teau de Bogard","description":"Mariages, C\u00e9r\u00e9monies la\u00efques, R\u00e9ceptions, \u00c9venementiel, s\u00e9minaires d&#039;entreprises","potentialAction":[{"@type":"SearchAction","target":{"@type":"EntryPoint","urlTemplate":"https:\/\/www.chateau-de-bogard.com\/?s={search_term_string}"},"query-input":{"@type":"PropertyValueSpecification","valueRequired":true,"valueName":"search_term_string"}}],"inLanguage":"en-US"}]}},"jetpack_sharing_enabled":true,"_links":{"self":[{"href":"https:\/\/www.chateau-de-bogard.com\/en\/wp-json\/wp\/v2\/pages\/7429","targetHints":{"allow":["GET"]}}],"collection":[{"href":"https:\/\/www.chateau-de-bogard.com\/en\/wp-json\/wp\/v2\/pages"}],"about":[{"href":"https:\/\/www.chateau-de-bogard.com\/en\/wp-json\/wp\/v2\/types\/page"}],"author":[{"embeddable":true,"href":"https:\/\/www.chateau-de-bogard.com\/en\/wp-json\/wp\/v2\/users\/2"}],"replies":[{"embeddable":true,"href":"https:\/\/www.chateau-de-bogard.com\/en\/wp-json\/wp\/v2\/comments?post=7429"}],"version-history":[{"count":1,"href":"https:\/\/www.chateau-de-bogard.com\/en\/wp-json\/wp\/v2\/pages\/7429\/revisions"}],"predecessor-version":[{"id":7430,"href":"https:\/\/www.chateau-de-bogard.com\/en\/wp-json\/wp\/v2\/pages\/7429\/revisions\/7430"}],"wp:attachment":[{"href":"https:\/\/www.chateau-de-bogard.com\/en\/wp-json\/wp\/v2\/media?parent=7429"}],"curies":[{"name":"wp","href":"https:\/\/api.w.org\/{rel}","templated":true}]}}