{"id":6420,"date":"2023-06-15T10:50:17","date_gmt":"2023-06-15T08:50:17","guid":{"rendered":"https:\/\/www.chateau-de-bogard.com\/visites\/"},"modified":"2026-04-05T05:26:03","modified_gmt":"2026-04-05T03:26:03","slug":"visits","status":"publish","type":"page","link":"https:\/\/www.chateau-de-bogard.com\/en\/visits\/","title":{"rendered":"Visits"},"content":{"rendered":"<div class=\"wpb-content-wrapper\"><p>[vc_row][vc_column][vc_empty_space height=&#8221;45px&#8221;][vc_column_text]<\/p>\n<h1 style=\"text-align: center;\">The ideal place for a cultural family visit&#8230;<\/h1>\n<p>[\/vc_column_text][\/vc_column][\/vc_row][vc_row content_aligment=&#8221;center&#8221; css=&#8221;.vc_custom_1696049084372{background-position: 0 0 !important;background-repeat: repeat !important;}&#8221;][vc_column offset=&#8221;vc_hidden-xs&#8221;][vc_empty_space height=&#8221;16px&#8221;][vc_row_inner content_width=&#8221;grid&#8221;][vc_column_inner width=&#8221;1\/2&#8243; offset=&#8221;vc_hidden-xs&#8221;][vc_empty_space height=&#8221;64px&#8221;][vc_column_text css=&#8221;&#8221;]<\/p>\n<h4><\/h4>\n<h4 style=\"text-align: left;\">The site is listed as a Historic Monument, and is open to the public all year round by prior appointment with the owners. To organize your visit and find out about the conditions of reception, please write to us via the tab <strong><a href=\"https:\/\/www.chateau-de-bogard.com\/en\/contact\/\" target=\"_blank\" rel=\"noopener\">CONTACT<\/a><\/strong> or reserve an available slot on our <a href=\"https:\/\/www.chateau-de-bogard.com\/boutique\/\">Boutique\/Guided tour<\/a> page. Visits are subject to a fee to contribute to the maintenance of the premises. The guided tour lasts approximately 45 minutes. You also have the option of following a route marked by stages that you follow freely and at your own pace. <\/h4>\n<p>&nbsp;<\/p>\n<h4><\/h4>\n<h4><\/h4>\n<h3>Interior and exterior guided tours<\/h3>\n<h4>Discover the history and original architecture of this 18th-century Breton parliamentary residence, inspired by the Age of Enlightenment. Immerse yourself in the history of Brittany from the Middle Ages to the French Revolution. A journey between tradition and modernity that will enchant young and old alike&#8230;<\/h4>\n<p>&nbsp;<\/p>\n<h3>Walking in the Bogard Gardens<\/h3>\n<h4>Explore the 40 hectares of woods, meadows and gardens of theCh\u00e2teau de Bogard. Take a stroll around the pond, where you might spot a grey heron quenching its thirst. Get lost in the \u201cGarden of Uncertainties\u201d but find meaning in the \u201cGarden of Knowledge\u201d. The place is unique due to its philosophical and Masonic inspiration, its multiple symbols invisible to the uninitiated but which structure the landscape architecture preserved intact since its conception in the 18th century. <\/h4>\n<p>&nbsp;<\/p>\n<h3>Brittany Parks and Gardens Days<\/h3>\n<h4>You can also take advantage of the annual Parcs et Jardins de Bretagne days in May, organized under the patronage of the APJB. See dates on our <a href=\"https:\/\/www.chateau-de-bogard.com\/en\/evenements\/\" target=\"_blank\" rel=\"noopener\">Events<\/a> page. <\/h4>\n<p>&nbsp;<\/p>\n<h3>European Heritage Days<\/h3>\n<h4>Every year in September, under the patronage of the French Ministry of Culture, the European Heritage Days are organized so that everyone can visit and discover the heritage of their region. Take advantage of these days to discover the charms of Bogard. See the dates on our <a href=\"https:\/\/www.chateau-de-bogard.com\/en\/evenements\/\" target=\"_blank\" rel=\"noopener\">Events<\/a> page.  <\/h4>\n<p>[\/vc_column_text][\/vc_column_inner][vc_column_inner width=&#8221;1\/2&#8243; css=&#8221;.vc_custom_1775102535658{background-position: center !important;background-repeat: no-repeat !important;background-size: contain !important;}&#8221; offset=&#8221;vc_hidden-xs&#8221;][vc_empty_space][vc_gallery interval=&#8221;5&#8243; images=&#8221;5279&#8243; img_size=&#8221;full&#8221; css=&#8221;.vc_custom_1696089511765{background-position: center !important;background-repeat: no-repeat !important;background-size: cover !important;}&#8221;][\/vc_column_inner][\/vc_row_inner][vc_row_inner content_width=&#8221;grid&#8221;][vc_column_inner offset=&#8221;vc_hidden-xs&#8221;][vc_empty_space height=&#8221;80px&#8221;][vc_column_text css=&#8221;&#8221;]<\/p>\n<h3 style=\"text-align: center;\">Book your visit now by clicking on the tab below.<\/h3>\n<p>[\/vc_column_text][vc_empty_space height=&#8221;16px&#8221;][vc_btn title=&#8221;Reserve an available slot for your visit.&#8221; color=&#8221;danger&#8221; size=&#8221;lg&#8221; align=&#8221;center&#8221; css=&#8221;&#8221; link=&#8221;url:https%3A%2F%2Fwww.chateau-de-bogard.com%2Fboutique%2F|title:Boutique&#8221;][vc_empty_space height=&#8221;8px&#8221;][vc_column_text css=&#8221;&#8221;]<\/p>\n<h3 style=\"text-align: center;\">For further information, please write to us via the tab <a href=\"https:\/\/www.chateau-de-bogard.com\/en\/contact\/\"><strong>CONTACT US.<\/strong><\/a><\/h3>\n<p>[\/vc_column_text][\/vc_column_inner][\/vc_row_inner][vc_row_inner content_width=&#8221;grid&#8221;][vc_column_inner offset=&#8221;vc_hidden-xs&#8221;][vc_empty_space height=&#8221;48px&#8221;][vc_column_text css=&#8221;&#8221;]<\/p>\n<h4 style=\"text-align: center;\">Registration of visitors taking part in a free event:<\/h4>\n<p>[\/vc_column_text][vc_empty_space height=&#8221;16px&#8221;][vc_btn title=&#8221;Visitor registration&#8221; color=&#8221;danger&#8221; size=&#8221;lg&#8221; align=&#8221;center&#8221; css=&#8221;&#8221; link=&#8221;url:https%3A%2F%2Fwww.chateau-de-bogard.com%2Fenregistrement-visiteurs%2F|title:Boutique&#8221;][vc_empty_space height=&#8221;80px&#8221;][\/vc_column_inner][\/vc_row_inner][\/vc_column][\/vc_row][vc_row content_aligment=&#8221;center&#8221; css=&#8221;.vc_custom_1696049084372{background-position: 0 0 !important;background-repeat: repeat !important;}&#8221;][vc_column offset=&#8221;vc_hidden-lg vc_hidden-md vc_hidden-sm&#8221;][vc_empty_space height=&#8221;48px&#8221;][vc_row_inner content_width=&#8221;grid&#8221;][vc_column_inner width=&#8221;1\/2&#8243;][vc_column_text css=&#8221;&#8221;]<\/p>\n<h4 style=\"text-align: center;\">The site is listed as a Historic Monument, and is open to the public all year round by prior appointment with the owners. To organize your visit and find out about the conditions of reception, please write to us via the tab <strong><a href=\"https:\/\/www.chateau-de-bogard.com\/en\/contact\/\" target=\"_blank\" rel=\"noopener\">CONTACT<\/a><\/strong> or reserve an available slot on our <a href=\"https:\/\/www.chateau-de-bogard.com\/boutique\/\">Boutique\/Guided tour<\/a> page. Visits are subject to a fee to contribute to the maintenance of the premises. The guided tour lasts approximately 45 minutes. You also have the option of following a route marked by stages that you follow freely and at your own pace. <\/h4>\n<p>&nbsp;<\/p>\n<h3 style=\"text-align: center;\">Interior and exterior guided tours<\/h3>\n<p>&nbsp;<\/p>\n<h4 style=\"text-align: center;\">Discover the history and original architecture of this 18th-century Breton parliamentary residence, inspired by the Age of Enlightenment. Immerse yourself in the history of Brittany from the Middle Ages to the French Revolution. A journey between tradition and modernity that will enchant young and old alike&#8230;<\/h4>\n<p>&nbsp;<\/p>\n<h3 style=\"text-align: center;\">Walking in the Bogard Gardens<\/h3>\n<p>&nbsp;<\/p>\n<h4 style=\"text-align: center;\">Explore the 40 hectares of woods, meadows and gardens of theCh\u00e2teau de Bogard. Take a stroll around the pond, where you might spot a grey heron quenching its thirst. Get lost in the \u201cGarden of Uncertainties\u201d but find meaning in the \u201cGarden of Knowledge\u201d. The place is unique due to its philosophical and Masonic inspiration, its multiple symbols invisible to the uninitiated but which structure the landscape architecture preserved intact since its conception in the 18th century. <\/h4>\n<p>&nbsp;<\/p>\n<h3 style=\"text-align: center;\">Brittany Parks and Gardens Days<\/h3>\n<p>&nbsp;<\/p>\n<h4 style=\"text-align: center;\">You can also take advantage of the annual Parcs et Jardins de Bretagne days in May, organized under the patronage of the APJB. See dates on our <a href=\"https:\/\/www.chateau-de-bogard.com\/en\/evenements\/\" target=\"_blank\" rel=\"noopener\">Events<\/a> page. <\/h4>\n<p>&nbsp;<\/p>\n<h3 style=\"text-align: center;\">European Heritage Days<\/h3>\n<p>&nbsp;<\/p>\n<h4 style=\"text-align: center;\">Every year in September, under the patronage of the French Ministry of Culture, the European Heritage Days are organized so that everyone can visit and discover the heritage of their region. Take advantage of these days to discover the charms of Bogard. See the dates on our <a href=\"https:\/\/www.chateau-de-bogard.com\/en\/evenements\/\" target=\"_blank\" rel=\"noopener\">Events<\/a> page.  <\/h4>\n<p>[\/vc_column_text][\/vc_column_inner][vc_column_inner width=&#8221;1\/2&#8243; css=&#8221;.vc_custom_1696089480439{background-position: center !important;background-repeat: no-repeat !important;background-size: contain !important;}&#8221;][vc_empty_space][vc_gallery interval=&#8221;5&#8243; images=&#8221;5279&#8243; img_size=&#8221;full&#8221; css=&#8221;.vc_custom_1696089511765{background-position: center !important;background-repeat: no-repeat !important;background-size: cover !important;}&#8221;][\/vc_column_inner][\/vc_row_inner][vc_row_inner content_width=&#8221;grid&#8221;][vc_column_inner offset=&#8221;vc_hidden-lg vc_hidden-md vc_hidden-sm&#8221;][vc_empty_space height=&#8221;16px&#8221;][vc_column_text css=&#8221;&#8221;]<\/p>\n<h3 style=\"text-align: center;\">Book your visit now by clicking on the tab below.<\/h3>\n<p>[\/vc_column_text][vc_empty_space height=&#8221;16px&#8221;][vc_btn title=&#8221;Reserve an available slot for your visit.&#8221; color=&#8221;danger&#8221; size=&#8221;lg&#8221; align=&#8221;center&#8221; css=&#8221;&#8221; link=&#8221;url:https%3A%2F%2Fwww.chateau-de-bogard.com%2Fboutique%2F|title:Boutique&#8221;][vc_empty_space][vc_column_text css=&#8221;&#8221;]<\/p>\n<h3 style=\"text-align: center;\">For more information, please contact us via the tab <a href=\"https:\/\/www.chateau-de-bogard.com\/en\/contact\/\"><strong>CONTACT US.<\/strong><\/a><\/h3>\n<p>[\/vc_column_text][\/vc_column_inner][\/vc_row_inner][vc_row_inner content_width=&#8221;grid&#8221;][vc_column_inner offset=&#8221;vc_hidden-lg vc_hidden-md vc_hidden-sm&#8221;][vc_empty_space height=&#8221;48px&#8221;][vc_column_text css=&#8221;&#8221;]<\/p>\n<h4 style=\"text-align: center;\">Registration of visitors taking part in a free event:<\/h4>\n<p>[\/vc_column_text][vc_empty_space height=&#8221;16px&#8221;][vc_btn title=&#8221;Visitor registration&#8221; color=&#8221;danger&#8221; size=&#8221;lg&#8221; align=&#8221;center&#8221; css=&#8221;&#8221; link=&#8221;url:https%3A%2F%2Fwww.chateau-de-bogard.com%2Fenregistrement-visiteurs%2F|title:Boutique&#8221;][vc_empty_space height=&#8221;80px&#8221;][\/vc_column_inner][\/vc_row_inner][\/vc_column][\/vc_row][vc_row][vc_column offset=&#8221;vc_hidden-lg vc_hidden-md vc_hidden-sm vc_hidden-xs&#8221;][vc_column_text]<a href=\"https:\/\/www.chateau-de-bogard.com\/en\/contact-2\/\">Contact Visitors<\/a>[\/vc_column_text][vc_column_text]<a href=\"https:\/\/www.chateau-de-bogard.com\/jardins-accueil\/\">Visit the Gardens &#8211; Home<\/a>[\/vc_column_text][vc_column_text]<a href=\"https:\/\/www.chateau-de-bogard.com\/jardins-etape-1\/\">Garden tour &#8211; Stage 1<\/a>[\/vc_column_text][vc_column_text]<a href=\"https:\/\/www.chateau-de-bogard.com\/jardins-etape-2\/\">Garden tour &#8211; Stage 2<\/a>[\/vc_column_text][vc_column_text]<a href=\"https:\/\/www.chateau-de-bogard.com\/jardins-etape-3\/\">Garden tour &#8211; Stage 3<\/a>[\/vc_column_text][vc_column_text]<a href=\"https:\/\/www.chateau-de-bogard.com\/jardins-etape-4\/\">Garden tour &#8211; Stage 4<\/a>[\/vc_column_text][vc_column_text]<a href=\"https:\/\/www.chateau-de-bogard.com\/jardins-etape-5\/\">Garden tour &#8211; Stage 5<\/a>[\/vc_column_text][vc_column_text]<a href=\"https:\/\/www.chateau-de-bogard.com\/jardins-etape-6\/\">Garden tour &#8211; Stage 6<\/a>[\/vc_column_text][vc_column_text]<a href=\"https:\/\/www.chateau-de-bogard.com\/jardins-etape-7\/\">Garden tour &#8211; Stage 7<\/a>[\/vc_column_text][vc_column_text]<a href=\"https:\/\/www.chateau-de-bogard.com\/jardins-etape-8\/\">Garden tour &#8211; Stage 8<\/a>[\/vc_column_text][vc_column_text]<a href=\"https:\/\/www.chateau-de-bogard.com\/jardins-etape-9\/\">Garden tour &#8211; Stage 9<\/a>[\/vc_column_text][vc_column_text]<a href=\"https:\/\/www.chateau-de-bogard.com\/jardins-etape-10\/\">Garden tour &#8211; Stage 10<\/a>[\/vc_column_text][\/vc_column][\/vc_row][vc_row][vc_column offset=&#8221;vc_hidden-lg vc_hidden-md vc_hidden-sm vc_hidden-xs&#8221;][vc_column_text]<a href=\"https:\/\/www.chateau-de-bogard.com\/17-1\/\">Room 17 &#8211; table 1<\/a>[\/vc_column_text][vc_column_text]<a href=\"https:\/\/www.chateau-de-bogard.com\/17-2\/\">Room 17 &#8211; table 2<\/a>[\/vc_column_text][vc_column_text]<a href=\"https:\/\/www.chateau-de-bogard.com\/17-3\/\">Hall 17 &#8211; table 3<\/a>[\/vc_column_text][vc_column_text]<a href=\"https:\/\/www.chateau-de-bogard.com\/17-4\/\">Hall 17 &#8211; table 4<\/a>[\/vc_column_text][\/vc_column][\/vc_row]<\/p>\n<\/div>","protected":false},"excerpt":{"rendered":"<p>[vc_row][vc_column][vc_empty_space height=&#8221;45px&#8221;][vc_column_text] The ideal place for a cultural family visit&#8230; [\/vc_column_text][\/vc_column][\/vc_row][vc_row content_aligment=&#8221;center&#8221; css=&#8221;.vc_custom_1696049084372{background-position: 0 0 !important;background-repeat: repeat !important;}&#8221;][vc_column offset=&#8221;vc_hidden-xs&#8221;][vc_empty_space height=&#8221;16px&#8221;][vc_row_inner content_width=&#8221;grid&#8221;][vc_column_inner width=&#8221;1\/2&#8243; offset=&#8221;vc_hidden-xs&#8221;][vc_empty_space height=&#8221;64px&#8221;][vc_column_text css=&#8221;&#8221;] The site is listed as a Historic Monument, and is open to the public all year round by prior appointment&#8230;<\/p>\n","protected":false},"author":1,"featured_media":0,"parent":0,"menu_order":0,"comment_status":"closed","ping_status":"closed","template":"full-width.php","meta":{"footnotes":""},"class_list":["post-6420","page","type-page","status-publish","hentry"],"yoast_head":"<!-- This site is optimized with the Yoast SEO plugin v26.6 - https:\/\/yoast.com\/wordpress\/plugins\/seo\/ -->\n<title>Visits - Ch\u00e2teau de Bogard<\/title>\n<meta name=\"description\" content=\"Discover the gardens of the Ch\u00e2teau de Bogard for your wedding or religious ceremony in Brittany, C\u00f4tes d&#039;Armor, Quessoy.\" \/>\n<meta name=\"robots\" content=\"index, follow, max-snippet:-1, max-image-preview:large, max-video-preview:-1\" \/>\n<link rel=\"canonical\" href=\"https:\/\/www.chateau-de-bogard.com\/en\/visits\/\" \/>\n<meta property=\"og:locale\" content=\"en_US\" \/>\n<meta property=\"og:type\" content=\"article\" \/>\n<meta property=\"og:title\" content=\"Visits - Ch\u00e2teau de Bogard\" \/>\n<meta property=\"og:description\" content=\"Discover the gardens of the Ch\u00e2teau de Bogard for your wedding or religious ceremony in Brittany, C\u00f4tes d&#039;Armor, Quessoy.\" \/>\n<meta property=\"og:url\" content=\"https:\/\/www.chateau-de-bogard.com\/en\/visits\/\" \/>\n<meta property=\"og:site_name\" content=\"Ch\u00e2teau de Bogard\" \/>\n<meta property=\"article:modified_time\" content=\"2026-04-05T03:26:03+00:00\" \/>\n<meta name=\"twitter:card\" content=\"summary_large_image\" \/>\n<meta name=\"twitter:label1\" content=\"Est. reading time\" \/>\n\t<meta name=\"twitter:data1\" content=\"7 minutes\" \/>\n<script type=\"application\/ld+json\" class=\"yoast-schema-graph\">{\"@context\":\"https:\/\/schema.org\",\"@graph\":[{\"@type\":\"WebPage\",\"@id\":\"https:\/\/www.chateau-de-bogard.com\/en\/visits\/\",\"url\":\"https:\/\/www.chateau-de-bogard.com\/en\/visits\/\",\"name\":\"Visits - Ch\u00e2teau de Bogard\",\"isPartOf\":{\"@id\":\"https:\/\/www.chateau-de-bogard.com\/#website\"},\"datePublished\":\"2023-06-15T08:50:17+00:00\",\"dateModified\":\"2026-04-05T03:26:03+00:00\",\"description\":\"Discover the gardens of the Ch\u00e2teau de Bogard for your wedding or religious ceremony in Brittany, C\u00f4tes d'Armor, Quessoy.\",\"breadcrumb\":{\"@id\":\"https:\/\/www.chateau-de-bogard.com\/en\/visits\/#breadcrumb\"},\"inLanguage\":\"en-US\",\"potentialAction\":[{\"@type\":\"ReadAction\",\"target\":[\"https:\/\/www.chateau-de-bogard.com\/en\/visits\/\"]}]},{\"@type\":\"BreadcrumbList\",\"@id\":\"https:\/\/www.chateau-de-bogard.com\/en\/visits\/#breadcrumb\",\"itemListElement\":[{\"@type\":\"ListItem\",\"position\":1,\"name\":\"Accueil\",\"item\":\"https:\/\/www.chateau-de-bogard.com\/en\/home\/\"},{\"@type\":\"ListItem\",\"position\":2,\"name\":\"Visits\"}]},{\"@type\":\"WebSite\",\"@id\":\"https:\/\/www.chateau-de-bogard.com\/#website\",\"url\":\"https:\/\/www.chateau-de-bogard.com\/\",\"name\":\"Ch\u00e2teau de Bogard\",\"description\":\"Mariages, C\u00e9r\u00e9monies la\u00efques, R\u00e9ceptions, \u00c9venementiel, s\u00e9minaires d&#039;entreprises\",\"potentialAction\":[{\"@type\":\"SearchAction\",\"target\":{\"@type\":\"EntryPoint\",\"urlTemplate\":\"https:\/\/www.chateau-de-bogard.com\/?s={search_term_string}\"},\"query-input\":{\"@type\":\"PropertyValueSpecification\",\"valueRequired\":true,\"valueName\":\"search_term_string\"}}],\"inLanguage\":\"en-US\"}]}<\/script>\n<!-- \/ Yoast SEO plugin. -->","yoast_head_json":{"title":"Visits - Ch\u00e2teau de Bogard","description":"Discover the gardens of the Ch\u00e2teau de Bogard for your wedding or religious ceremony in Brittany, C\u00f4tes d'Armor, Quessoy.","robots":{"index":"index","follow":"follow","max-snippet":"max-snippet:-1","max-image-preview":"max-image-preview:large","max-video-preview":"max-video-preview:-1"},"canonical":"https:\/\/www.chateau-de-bogard.com\/en\/visits\/","og_locale":"en_US","og_type":"article","og_title":"Visits - Ch\u00e2teau de Bogard","og_description":"Discover the gardens of the Ch\u00e2teau de Bogard for your wedding or religious ceremony in Brittany, C\u00f4tes d'Armor, Quessoy.","og_url":"https:\/\/www.chateau-de-bogard.com\/en\/visits\/","og_site_name":"Ch\u00e2teau de Bogard","article_modified_time":"2026-04-05T03:26:03+00:00","twitter_card":"summary_large_image","twitter_misc":{"Est. reading time":"7 minutes"},"schema":{"@context":"https:\/\/schema.org","@graph":[{"@type":"WebPage","@id":"https:\/\/www.chateau-de-bogard.com\/en\/visits\/","url":"https:\/\/www.chateau-de-bogard.com\/en\/visits\/","name":"Visits - Ch\u00e2teau de Bogard","isPartOf":{"@id":"https:\/\/www.chateau-de-bogard.com\/#website"},"datePublished":"2023-06-15T08:50:17+00:00","dateModified":"2026-04-05T03:26:03+00:00","description":"Discover the gardens of the Ch\u00e2teau de Bogard for your wedding or religious ceremony in Brittany, C\u00f4tes d'Armor, Quessoy.","breadcrumb":{"@id":"https:\/\/www.chateau-de-bogard.com\/en\/visits\/#breadcrumb"},"inLanguage":"en-US","potentialAction":[{"@type":"ReadAction","target":["https:\/\/www.chateau-de-bogard.com\/en\/visits\/"]}]},{"@type":"BreadcrumbList","@id":"https:\/\/www.chateau-de-bogard.com\/en\/visits\/#breadcrumb","itemListElement":[{"@type":"ListItem","position":1,"name":"Accueil","item":"https:\/\/www.chateau-de-bogard.com\/en\/home\/"},{"@type":"ListItem","position":2,"name":"Visits"}]},{"@type":"WebSite","@id":"https:\/\/www.chateau-de-bogard.com\/#website","url":"https:\/\/www.chateau-de-bogard.com\/","name":"Ch\u00e2teau de Bogard","description":"Mariages, C\u00e9r\u00e9monies la\u00efques, R\u00e9ceptions, \u00c9venementiel, s\u00e9minaires d&#039;entreprises","potentialAction":[{"@type":"SearchAction","target":{"@type":"EntryPoint","urlTemplate":"https:\/\/www.chateau-de-bogard.com\/?s={search_term_string}"},"query-input":{"@type":"PropertyValueSpecification","valueRequired":true,"valueName":"search_term_string"}}],"inLanguage":"en-US"}]}},"jetpack_sharing_enabled":true,"_links":{"self":[{"href":"https:\/\/www.chateau-de-bogard.com\/en\/wp-json\/wp\/v2\/pages\/6420","targetHints":{"allow":["GET"]}}],"collection":[{"href":"https:\/\/www.chateau-de-bogard.com\/en\/wp-json\/wp\/v2\/pages"}],"about":[{"href":"https:\/\/www.chateau-de-bogard.com\/en\/wp-json\/wp\/v2\/types\/page"}],"author":[{"embeddable":true,"href":"https:\/\/www.chateau-de-bogard.com\/en\/wp-json\/wp\/v2\/users\/1"}],"replies":[{"embeddable":true,"href":"https:\/\/www.chateau-de-bogard.com\/en\/wp-json\/wp\/v2\/comments?post=6420"}],"version-history":[{"count":12,"href":"https:\/\/www.chateau-de-bogard.com\/en\/wp-json\/wp\/v2\/pages\/6420\/revisions"}],"predecessor-version":[{"id":8223,"href":"https:\/\/www.chateau-de-bogard.com\/en\/wp-json\/wp\/v2\/pages\/6420\/revisions\/8223"}],"wp:attachment":[{"href":"https:\/\/www.chateau-de-bogard.com\/en\/wp-json\/wp\/v2\/media?parent=6420"}],"curies":[{"name":"wp","href":"https:\/\/api.w.org\/{rel}","templated":true}]}}