{"id":6410,"date":"2023-06-13T17:16:56","date_gmt":"2023-06-13T15:16:56","guid":{"rendered":"https:\/\/www.chateau-de-bogard.com\/gites\/"},"modified":"2026-03-11T06:55:19","modified_gmt":"2026-03-11T05:55:19","slug":"gites","status":"publish","type":"page","link":"https:\/\/www.chateau-de-bogard.com\/en\/gites\/","title":{"rendered":"Lodging"},"content":{"rendered":"<div class=\"wpb-content-wrapper\"><p>[vc_row content_aligment=&#8221;center&#8221; css=&#8221;.vc_custom_1696045065868{background-position: 0 0 !important;background-repeat: repeat !important;}&#8221;][vc_column][vc_empty_space height=&#8221;50px&#8221;][vc_column_text]<\/p>\n<h1 style=\"text-align: center;\">Come and relax at the Ch\u00e2teau de Bogard&#8230;<\/h1>\n<p>[\/vc_column_text][vc_empty_space height=&#8221;50px&#8221;][vc_row_inner content_width=&#8221;grid&#8221; content_aligment=&#8221;center&#8221;][vc_column_inner width=&#8221;1\/2&#8243;][vc_empty_space height=&#8221;64px&#8221;][vc_column_text]<\/p>\n<h3 style=\"text-align: left;\">Several accommodations to welcome you&#8230;<\/h3>\n<h4 style=\"text-align: left;\">The Ch\u00e2teau de Bogard offers you the chance to spend a pleasant stay in a peaceful, relaxing setting in the countryside of Brettany, just few kilometers from the seaside. You&#8217;ll be able to take advantage of the opportunity to discover this beautiful region of Brittany, its tourist sites, its gastronomy and its landscapes.<\/h4>\n<h4 style=\"text-align: left;\">The accommodations are primarily dedicated to weddings, but it is possible to rent certain homes independently for your vacations.<\/h4>\n<h4 style=\"text-align: left;\">We offer you the possibility of booking :<\/h4>\n<h4 style=\"text-align: left;\">&#8211; A 6-bed apartment on the 2nd floor of the ch\u00e2teau.<\/h4>\n<h4 style=\"text-align: left;\">&#8211; A separate, independent 10-bed g\u00eete with its own terrace and garden.<\/h4>\n<h4 style=\"text-align: left;\">Call us to discuss the capacities we can offer you. We will be happy to advise you and meet your needs to the best of our ability.<\/h4>\n<p>[\/vc_column_text][\/vc_column_inner][vc_column_inner width=&#8221;1\/2&#8243;][vc_empty_space][vc_gallery interval=&#8221;0&#8243; images=&#8221;6837,4241,6808&#8243; img_size=&#8221;full&#8221;][\/vc_column_inner][\/vc_row_inner][\/vc_column][\/vc_row][vc_row content_width=&#8221;grid&#8221;][vc_column width=&#8221;1\/2&#8243;][vc_single_image image=&#8221;5540&#8243; img_size=&#8221;full&#8221; alignment=&#8221;center&#8221; onclick=&#8221;custom_link&#8221; img_link_target=&#8221;_blank&#8221; link=&#8221;https:\/\/www.google.fr\/search?q=lamballe+armor+tourisme&amp;sca_esv=573826436&amp;sxsrf=AM9HkKl57ocoYMQubpKga_iC4occsrmGHA%3A1697475230898&amp;ei=nmotZfKoNoyekdUPhoiWuAY&amp;gs_ssp=eJzj4tZP1zcsSa4qSzLNNmC0UjWoMLEwSDU0NE01TjYyNjcyMbUyqLCwMEtLMTGyTElJNDZKNTH1Es9JzE1KzMlJVUgsys0vUijJLy3KLM5NBQBVWheY&amp;oq=lam&amp;gs_lp=Egxnd3Mtd2l6LXNlcnAiA2xhbSoCCAAyDRAuGIoFGMcBGK8BGCcyDRAuGIoFGMcBGK8BGEMyChAuGIoFGLEDGEMyDRAuGIoFGMcBGK8BGEMyChAuGLEDGIoFGEMyChAuGIoFGLEDGEMyBxAuGIoFGEMyCBAAGIAEGLEDMg4QLhiABBixAxjHARjRAzIHEAAYigUYQzIaEC4YigUYxwEYrwEYlwUY3AQY3gQY4ATYAQNI5SJQvgdY3xhwAngAkAEEmAHnAaABwhGqAQY2LjEyLjG4AQPIAQD4AQGoAhTCAgoQABhHGNYEGLADwgIHECMYigUYJ8ICBhAAGBYYHsICBxAjGOoCGCfCAg0QLhjHARjRAxjqAhgnwgIREAAY4wQY6QQY6gIYtALYAQHCAhEQLhjjBBjpBBjqAhi0AtgBAcICFhAAGAMYjwEY5QIY6gIYtAIYjAPYAQLCAgsQABiABBixAxiDAcICERAuGIAEGLEDGIMBGMcBGNEDwgIEECMYJ-IDBBgAIEGIBgGQBgi6BgYIARABGAG6BgYIAhABGAu6BgYIAxABGBQ&amp;sclient=gws-wiz-serp&#8221;][\/vc_column][vc_column width=&#8221;1\/2&#8243;][vc_empty_space][vc_column_text]<\/p>\n<h3>Fall under the spell of a region full of resources and discover its many possibilities&#8230;<\/h3>\n<h4>Click on the image to reach the Tourist Office website.<\/h4>\n<p>[\/vc_column_text][\/vc_column][\/vc_row][vc_row][vc_column][vc_empty_space height=&#8221;0px&#8221;][vc_single_image image=&#8221;5358&#8243; img_size=&#8221;full&#8221; alignment=&#8221;center&#8221;][\/vc_column][\/vc_row][vc_row][vc_column][vc_empty_space][\/vc_column][\/vc_row][vc_row content_width=&#8221;grid&#8221;][vc_column][vc_raw_html]JTNDaWZyYW1lJTIwc3JjJTNEJTIyaHR0cHMlM0ElMkYlMkZ3d3cuZ29vZ2xlLmNvbSUyRm1hcHMlMkZlbWJlZCUzRnBiJTNEJTIxMW0xOCUyMTFtMTIlMjExbTMlMjExZDMzODgxMi4xNzM4MTkzOTYzNSUyMTJkLTIuODM0NzQ2MjgxNTgxNDk2JTIxM2Q0OC40Mzc5MTM0ODAwNDcxNiUyMTJtMyUyMTFmMCUyMTJmMCUyMTNmMCUyMTNtMiUyMTFpMTAyNCUyMTJpNzY4JTIxNGYxMy4xJTIxM20zJTIxMW0yJTIxMXMweDQ4MGUxODU0MzUzODgxMjUlMjUzQTB4MzUwYzY1OWU0YTY5MzU1MyUyMTJzQ2glMjVDMyUyNUEydGVhdSUyQmRlJTJCQm9nYXJkJTJCU0FSTCUyMTVlMCUyMTNtMiUyMTFzZnIlMjEyc2ZyJTIxNHYxNTIwNjExNjE2MzYwJTIyJTIwd2lkdGglM0QlMjIxMDAlMjUlMjIlMjBoZWlnaHQlM0QlMjI2MDAlMjIlMjBmcmFtZWJvcmRlciUzRCUyMjAlMjIlMjBzdHlsZSUzRCUyMmJvcmRlciUzQTAlMjIlMjBhbGxvd2Z1bGxzY3JlZW4lM0UlM0MlMkZpZnJhbWUlM0U=[\/vc_raw_html][\/vc_column][\/vc_row][vc_row][vc_column][vc_empty_space][\/vc_column][\/vc_row][vc_row][vc_column]\t<div class=\"qodef-call-to-action normal\">\n\n\t\t\t\t<div class=\"qodef-container-inner\">\n\t\t\t\t\t<div class=\"qodef-call-to-action-row-66-33 clearfix\" style=\"padding: 20px;\">\n\t\t\t\t\t\t<div class=\"qodef-text-wrapper qodef-call-to-action-column1 qodef-call-to-action-cell\">\n\t\t\t\t\t\t\t\t\t<div class=\"qodef-call-to-action-text\" >\n<h2 style=\"text-align: center;\">Contact us to book your stay&#8230;<\/h2>\n<\/div>\n\t\t\t\t<\/div>\n\n\t\t\t\t\t\t\t\t\t<div class=\"qodef-button-wrapper qodef-call-to-action-column2 qodef-call-to-action-cell\" style =\"text-align: left ;\">\n\t\t\t\t\t\t<a itemprop=\"url\" href=\"\/contact\" target=\"_self\" style=\"color: #ffffff;background-color: #dd3333\" class=\"qodef-btn qodef-btn-large qodef-btn-outline\"  >    <span class=\"qodef-btn-text\">CONTACT<\/span>    <\/a>\t\t\t\t\t<\/div>\n\t\t\t\t\t\t\t<\/div>\n\t\t\t\t<\/div>\n\t\t\t<\/div>\n[vc_empty_space height=&#8221;80px&#8221;][\/vc_column][\/vc_row]<\/p>\n<\/div>","protected":false},"excerpt":{"rendered":"<p>[vc_row content_aligment=&#8221;center&#8221; css=&#8221;.vc_custom_1696045065868{background-position: 0 0 !important;background-repeat: repeat !important;}&#8221;][vc_column][vc_empty_space height=&#8221;50px&#8221;][vc_column_text] Come and relax at the Ch\u00e2teau de Bogard&#8230; [\/vc_column_text][vc_empty_space height=&#8221;50px&#8221;][vc_row_inner content_width=&#8221;grid&#8221; content_aligment=&#8221;center&#8221;][vc_column_inner width=&#8221;1\/2&#8243;][vc_empty_space height=&#8221;64px&#8221;][vc_column_text] Several accommodations to welcome you&#8230; The Ch\u00e2teau de Bogard offers you the chance to spend a pleasant stay in a peaceful, relaxing&#8230;<\/p>\n","protected":false},"author":1,"featured_media":0,"parent":0,"menu_order":0,"comment_status":"closed","ping_status":"closed","template":"full-width.php","meta":{"footnotes":""},"class_list":["post-6410","page","type-page","status-publish","hentry"],"yoast_head":"<!-- This site is optimized with the Yoast SEO plugin v26.6 - https:\/\/yoast.com\/wordpress\/plugins\/seo\/ -->\n<title>Lodging - Ch\u00e2teau de Bogard<\/title>\n<meta name=\"description\" content=\"Discover the gardens of the Ch\u00e2teau de Bogard for your wedding or religious ceremony in Brittany, C\u00f4tes d&#039;Armor, Quessoy.\" \/>\n<meta name=\"robots\" content=\"index, follow, max-snippet:-1, max-image-preview:large, max-video-preview:-1\" \/>\n<link rel=\"canonical\" href=\"https:\/\/www.chateau-de-bogard.com\/en\/gites\/\" \/>\n<meta property=\"og:locale\" content=\"en_US\" \/>\n<meta property=\"og:type\" content=\"article\" \/>\n<meta property=\"og:title\" content=\"Lodging - Ch\u00e2teau de Bogard\" \/>\n<meta property=\"og:description\" content=\"Discover the gardens of the Ch\u00e2teau de Bogard for your wedding or religious ceremony in Brittany, C\u00f4tes d&#039;Armor, Quessoy.\" \/>\n<meta property=\"og:url\" content=\"https:\/\/www.chateau-de-bogard.com\/en\/gites\/\" \/>\n<meta property=\"og:site_name\" content=\"Ch\u00e2teau de Bogard\" \/>\n<meta property=\"article:modified_time\" content=\"2026-03-11T05:55:19+00:00\" \/>\n<meta name=\"twitter:card\" content=\"summary_large_image\" \/>\n<meta name=\"twitter:label1\" content=\"Est. reading time\" \/>\n\t<meta name=\"twitter:data1\" content=\"3 minutes\" \/>\n<script type=\"application\/ld+json\" class=\"yoast-schema-graph\">{\"@context\":\"https:\/\/schema.org\",\"@graph\":[{\"@type\":\"WebPage\",\"@id\":\"https:\/\/www.chateau-de-bogard.com\/en\/gites\/\",\"url\":\"https:\/\/www.chateau-de-bogard.com\/en\/gites\/\",\"name\":\"Lodging - Ch\u00e2teau de Bogard\",\"isPartOf\":{\"@id\":\"https:\/\/www.chateau-de-bogard.com\/#website\"},\"datePublished\":\"2023-06-13T15:16:56+00:00\",\"dateModified\":\"2026-03-11T05:55:19+00:00\",\"description\":\"Discover the gardens of the Ch\u00e2teau de Bogard for your wedding or religious ceremony in Brittany, C\u00f4tes d'Armor, Quessoy.\",\"breadcrumb\":{\"@id\":\"https:\/\/www.chateau-de-bogard.com\/en\/gites\/#breadcrumb\"},\"inLanguage\":\"en-US\",\"potentialAction\":[{\"@type\":\"ReadAction\",\"target\":[\"https:\/\/www.chateau-de-bogard.com\/en\/gites\/\"]}]},{\"@type\":\"BreadcrumbList\",\"@id\":\"https:\/\/www.chateau-de-bogard.com\/en\/gites\/#breadcrumb\",\"itemListElement\":[{\"@type\":\"ListItem\",\"position\":1,\"name\":\"Accueil\",\"item\":\"https:\/\/www.chateau-de-bogard.com\/en\/home\/\"},{\"@type\":\"ListItem\",\"position\":2,\"name\":\"Lodging\"}]},{\"@type\":\"WebSite\",\"@id\":\"https:\/\/www.chateau-de-bogard.com\/#website\",\"url\":\"https:\/\/www.chateau-de-bogard.com\/\",\"name\":\"Ch\u00e2teau de Bogard\",\"description\":\"Mariages, C\u00e9r\u00e9monies la\u00efques, R\u00e9ceptions, \u00c9venementiel, s\u00e9minaires d&#039;entreprises\",\"potentialAction\":[{\"@type\":\"SearchAction\",\"target\":{\"@type\":\"EntryPoint\",\"urlTemplate\":\"https:\/\/www.chateau-de-bogard.com\/?s={search_term_string}\"},\"query-input\":{\"@type\":\"PropertyValueSpecification\",\"valueRequired\":true,\"valueName\":\"search_term_string\"}}],\"inLanguage\":\"en-US\"}]}<\/script>\n<!-- \/ Yoast SEO plugin. -->","yoast_head_json":{"title":"Lodging - Ch\u00e2teau de Bogard","description":"Discover the gardens of the Ch\u00e2teau de Bogard for your wedding or religious ceremony in Brittany, C\u00f4tes d'Armor, Quessoy.","robots":{"index":"index","follow":"follow","max-snippet":"max-snippet:-1","max-image-preview":"max-image-preview:large","max-video-preview":"max-video-preview:-1"},"canonical":"https:\/\/www.chateau-de-bogard.com\/en\/gites\/","og_locale":"en_US","og_type":"article","og_title":"Lodging - Ch\u00e2teau de Bogard","og_description":"Discover the gardens of the Ch\u00e2teau de Bogard for your wedding or religious ceremony in Brittany, C\u00f4tes d'Armor, Quessoy.","og_url":"https:\/\/www.chateau-de-bogard.com\/en\/gites\/","og_site_name":"Ch\u00e2teau de Bogard","article_modified_time":"2026-03-11T05:55:19+00:00","twitter_card":"summary_large_image","twitter_misc":{"Est. reading time":"3 minutes"},"schema":{"@context":"https:\/\/schema.org","@graph":[{"@type":"WebPage","@id":"https:\/\/www.chateau-de-bogard.com\/en\/gites\/","url":"https:\/\/www.chateau-de-bogard.com\/en\/gites\/","name":"Lodging - Ch\u00e2teau de Bogard","isPartOf":{"@id":"https:\/\/www.chateau-de-bogard.com\/#website"},"datePublished":"2023-06-13T15:16:56+00:00","dateModified":"2026-03-11T05:55:19+00:00","description":"Discover the gardens of the Ch\u00e2teau de Bogard for your wedding or religious ceremony in Brittany, C\u00f4tes d'Armor, Quessoy.","breadcrumb":{"@id":"https:\/\/www.chateau-de-bogard.com\/en\/gites\/#breadcrumb"},"inLanguage":"en-US","potentialAction":[{"@type":"ReadAction","target":["https:\/\/www.chateau-de-bogard.com\/en\/gites\/"]}]},{"@type":"BreadcrumbList","@id":"https:\/\/www.chateau-de-bogard.com\/en\/gites\/#breadcrumb","itemListElement":[{"@type":"ListItem","position":1,"name":"Accueil","item":"https:\/\/www.chateau-de-bogard.com\/en\/home\/"},{"@type":"ListItem","position":2,"name":"Lodging"}]},{"@type":"WebSite","@id":"https:\/\/www.chateau-de-bogard.com\/#website","url":"https:\/\/www.chateau-de-bogard.com\/","name":"Ch\u00e2teau de Bogard","description":"Mariages, C\u00e9r\u00e9monies la\u00efques, R\u00e9ceptions, \u00c9venementiel, s\u00e9minaires d&#039;entreprises","potentialAction":[{"@type":"SearchAction","target":{"@type":"EntryPoint","urlTemplate":"https:\/\/www.chateau-de-bogard.com\/?s={search_term_string}"},"query-input":{"@type":"PropertyValueSpecification","valueRequired":true,"valueName":"search_term_string"}}],"inLanguage":"en-US"}]}},"jetpack_sharing_enabled":true,"_links":{"self":[{"href":"https:\/\/www.chateau-de-bogard.com\/en\/wp-json\/wp\/v2\/pages\/6410","targetHints":{"allow":["GET"]}}],"collection":[{"href":"https:\/\/www.chateau-de-bogard.com\/en\/wp-json\/wp\/v2\/pages"}],"about":[{"href":"https:\/\/www.chateau-de-bogard.com\/en\/wp-json\/wp\/v2\/types\/page"}],"author":[{"embeddable":true,"href":"https:\/\/www.chateau-de-bogard.com\/en\/wp-json\/wp\/v2\/users\/1"}],"replies":[{"embeddable":true,"href":"https:\/\/www.chateau-de-bogard.com\/en\/wp-json\/wp\/v2\/comments?post=6410"}],"version-history":[{"count":6,"href":"https:\/\/www.chateau-de-bogard.com\/en\/wp-json\/wp\/v2\/pages\/6410\/revisions"}],"predecessor-version":[{"id":7919,"href":"https:\/\/www.chateau-de-bogard.com\/en\/wp-json\/wp\/v2\/pages\/6410\/revisions\/7919"}],"wp:attachment":[{"href":"https:\/\/www.chateau-de-bogard.com\/en\/wp-json\/wp\/v2\/media?parent=6410"}],"curies":[{"name":"wp","href":"https:\/\/api.w.org\/{rel}","templated":true}]}}