{"id":6381,"date":"2023-09-30T06:17:49","date_gmt":"2023-09-30T04:17:49","guid":{"rendered":"https:\/\/www.chateau-de-bogard.com\/entreprises\/"},"modified":"2026-03-11T06:53:47","modified_gmt":"2026-03-11T05:53:47","slug":"entreprises","status":"publish","type":"page","link":"https:\/\/www.chateau-de-bogard.com\/en\/entreprises\/","title":{"rendered":"Seminars"},"content":{"rendered":"<div class=\"wpb-content-wrapper\"><p>[vc_row content_aligment=&#8221;center&#8221; css=&#8221;.vc_custom_1696045065868{background-position: 0 0 !important;background-repeat: repeat !important;}&#8221;][vc_column][vc_empty_space height=&#8221;50px&#8221;][vc_column_text]<\/p>\n<h1 style=\"text-align: center;\">Organize your Seminars and Team buildings at the Ch\u00e2teau de Bogard&#8230;<\/h1>\n<p>[\/vc_column_text][vc_empty_space][vc_row_inner content_width=&#8221;grid&#8221; content_aligment=&#8221;center&#8221;][vc_column_inner width=&#8221;1\/2&#8243;][vc_empty_space height=&#8221;64px&#8221;][vc_column_text]<\/p>\n<h3 style=\"text-align: left;\">Spaces for Seminars, Team Buildings, Training and General Assemblies<\/h3>\n<p>&nbsp;<\/p>\n<h4 style=\"text-align: left;\">The Ch\u00e2teau de Bogard offers comfortable workspaces for team meetings, seminars, training courses and team building events. Take advantage of our large rooms and quiet, sunny gardens to help you take a step back and develop your teams&#8230;<\/h4>\n<p>[\/vc_column_text][\/vc_column_inner][vc_column_inner width=&#8221;1\/2&#8243;][vc_empty_space height=&#8221;64px&#8221;][vc_gallery interval=&#8221;0&#8243; images=&#8221;5139&#8243; img_size=&#8221;full&#8221;][\/vc_column_inner][\/vc_row_inner][vc_row_inner content_width=&#8221;grid&#8221;][vc_column_inner][vc_column_text]<\/p>\n<h3>Partnerships<\/h3>\n<p>[\/vc_column_text][vc_empty_space height=&#8221;50px&#8221;][\/vc_column_inner][\/vc_row_inner][vc_row_inner content_width=&#8221;grid&#8221; content_aligment=&#8221;center&#8221;][vc_column_inner width=&#8221;1\/4&#8243;][vc_single_image image=&#8221;4212&#8243; img_size=&#8221;full&#8221; alignment=&#8221;right&#8221;][\/vc_column_inner][vc_column_inner width=&#8221;1\/4&#8243;][vc_column_text]<\/p>\n<h3 style=\"text-align: left;\">ALBATROS<\/h3>\n<h4 style=\"text-align: left;\">ALBATROS, a company specializing in luxury leather goods, chose Bogard as the location for its Head Office and General Assembly Meetings.<\/h4>\n<p>[\/vc_column_text][\/vc_column_inner][vc_column_inner width=&#8221;1\/4&#8243;][vc_single_image image=&#8221;5520&#8243; img_size=&#8221;full&#8221; alignment=&#8221;right&#8221;][\/vc_column_inner][vc_column_inner width=&#8221;1\/4&#8243;][vc_column_text]<\/p>\n<h3 style=\"text-align: left;\">Agricultural school La Ville Davy<\/h3>\n<h4 style=\"text-align: left;\">Pupils from the agricultural school La Ville Davy, which specializes in general, technological and vocational training, have access to the meadows and pond in Bogard for agricultural and fish farming courses.<\/h4>\n<p>[\/vc_column_text][\/vc_column_inner][\/vc_row_inner][vc_empty_space height=&#8221;62px&#8221;][vc_row_inner content_width=&#8221;grid&#8221;][vc_column_inner][vc_column_text]<\/p>\n<h3>Terms &amp; Conditions<\/h3>\n<p>&nbsp;<\/p>\n<h4>&#8211; The booking of the places is available on Tuesdays, Wednesdays and\/or Thursdays.<\/h4>\n<h4>&#8211; All needed equipments and furnitures are provided for your meetings (internet connection, overhead projector\/beamer, screens, large erasable boards, paper board&#8230;).<\/h4>\n<h4>&#8211; We can set up a service to organize your lunch and snacks.<\/h4>\n<h4>&#8211; Our accommodation facilities can also reserved for your teams for several days if required (see &#8220;Accomodation&#8221; tab).<\/h4>\n<h4>&#8211; The Ch\u00e2teau de Bogard is located 20 minutes from Saint-Brieuc and Lamballe (accessible by TGV), 20 minutes from the beaches of the Emerald Coast, 1 hour from Rennes and 2 hours from Nantes.<\/h4>\n<p>[\/vc_column_text][\/vc_column_inner][\/vc_row_inner][vc_empty_space]\t<div class=\"qodef-call-to-action normal\">\n\n\t\t\t\t<div class=\"qodef-container-inner\">\n\t\t\t\t\t<div class=\"qodef-call-to-action-row-75-25 clearfix\" style=\"padding: 20px;\">\n\t\t\t\t\t\t<div class=\"qodef-text-wrapper qodef-call-to-action-column1 qodef-call-to-action-cell\">\n\t\t\t\t\t\t\t\t\t<div class=\"qodef-call-to-action-text\" >\n<h3 style=\"text-align: right;\"><strong>If you have any special requirements, please contact us. We will be happy to respond to your request to the best of our ability.<\/strong><\/h3>\n<\/div>\n\t\t\t\t<\/div>\n\n\t\t\t\t\t\t\t\t\t<div class=\"qodef-button-wrapper qodef-call-to-action-column2 qodef-call-to-action-cell\" style =\"text-align: center ;\">\n\t\t\t\t\t\t<a itemprop=\"url\" href=\"\/contact\" target=\"_self\" style=\"color: #ffffff;background-color: #dd3333\" class=\"qodef-btn qodef-btn-large qodef-btn-outline\"  >    <span class=\"qodef-btn-text\">CONTACT<\/span>    <\/a>\t\t\t\t\t<\/div>\n\t\t\t\t\t\t\t<\/div>\n\t\t\t\t<\/div>\n\t\t\t<\/div>\n[\/vc_column][\/vc_row][vc_row][vc_column][vc_empty_space height=&#8221;80px&#8221;][\/vc_column][\/vc_row]<\/p>\n<\/div>","protected":false},"excerpt":{"rendered":"<p>[vc_row content_aligment=&#8221;center&#8221; css=&#8221;.vc_custom_1696045065868{background-position: 0 0 !important;background-repeat: repeat !important;}&#8221;][vc_column][vc_empty_space height=&#8221;50px&#8221;][vc_column_text] Organize your Seminars and Team buildings at the Ch\u00e2teau de Bogard&#8230; [\/vc_column_text][vc_empty_space][vc_row_inner content_width=&#8221;grid&#8221; content_aligment=&#8221;center&#8221;][vc_column_inner width=&#8221;1\/2&#8243;][vc_empty_space height=&#8221;64px&#8221;][vc_column_text] Spaces for Seminars, Team Buildings, Training and General Assemblies &nbsp; The Ch\u00e2teau de Bogard offers comfortable workspaces for team meetings,&#8230;<\/p>\n","protected":false},"author":2,"featured_media":0,"parent":0,"menu_order":0,"comment_status":"closed","ping_status":"closed","template":"full-width.php","meta":{"footnotes":""},"class_list":["post-6381","page","type-page","status-publish","hentry"],"yoast_head":"<!-- This site is optimized with the Yoast SEO plugin v26.6 - https:\/\/yoast.com\/wordpress\/plugins\/seo\/ -->\n<title>Seminars - Ch\u00e2teau de Bogard<\/title>\n<meta name=\"description\" content=\"Discover the gardens of the Ch\u00e2teau de Bogard for your wedding or religious ceremony in Brittany, C\u00f4tes d&#039;Armor, Quessoy.\" \/>\n<meta name=\"robots\" content=\"index, follow, max-snippet:-1, max-image-preview:large, max-video-preview:-1\" \/>\n<link rel=\"canonical\" href=\"https:\/\/www.chateau-de-bogard.com\/en\/entreprises\/\" \/>\n<meta property=\"og:locale\" content=\"en_US\" \/>\n<meta property=\"og:type\" content=\"article\" \/>\n<meta property=\"og:title\" content=\"Seminars - Ch\u00e2teau de Bogard\" \/>\n<meta property=\"og:description\" content=\"Discover the gardens of the Ch\u00e2teau de Bogard for your wedding or religious ceremony in Brittany, C\u00f4tes d&#039;Armor, Quessoy.\" \/>\n<meta property=\"og:url\" content=\"https:\/\/www.chateau-de-bogard.com\/en\/entreprises\/\" \/>\n<meta property=\"og:site_name\" content=\"Ch\u00e2teau de Bogard\" \/>\n<meta property=\"article:modified_time\" content=\"2026-03-11T05:53:47+00:00\" \/>\n<meta name=\"twitter:card\" content=\"summary_large_image\" \/>\n<meta name=\"twitter:label1\" content=\"Est. reading time\" \/>\n\t<meta name=\"twitter:data1\" content=\"3 minutes\" \/>\n<script type=\"application\/ld+json\" class=\"yoast-schema-graph\">{\"@context\":\"https:\/\/schema.org\",\"@graph\":[{\"@type\":\"WebPage\",\"@id\":\"https:\/\/www.chateau-de-bogard.com\/en\/entreprises\/\",\"url\":\"https:\/\/www.chateau-de-bogard.com\/en\/entreprises\/\",\"name\":\"Seminars - Ch\u00e2teau de Bogard\",\"isPartOf\":{\"@id\":\"https:\/\/www.chateau-de-bogard.com\/#website\"},\"datePublished\":\"2023-09-30T04:17:49+00:00\",\"dateModified\":\"2026-03-11T05:53:47+00:00\",\"description\":\"Discover the gardens of the Ch\u00e2teau de Bogard for your wedding or religious ceremony in Brittany, C\u00f4tes d'Armor, Quessoy.\",\"breadcrumb\":{\"@id\":\"https:\/\/www.chateau-de-bogard.com\/en\/entreprises\/#breadcrumb\"},\"inLanguage\":\"en-US\",\"potentialAction\":[{\"@type\":\"ReadAction\",\"target\":[\"https:\/\/www.chateau-de-bogard.com\/en\/entreprises\/\"]}]},{\"@type\":\"BreadcrumbList\",\"@id\":\"https:\/\/www.chateau-de-bogard.com\/en\/entreprises\/#breadcrumb\",\"itemListElement\":[{\"@type\":\"ListItem\",\"position\":1,\"name\":\"Accueil\",\"item\":\"https:\/\/www.chateau-de-bogard.com\/en\/home\/\"},{\"@type\":\"ListItem\",\"position\":2,\"name\":\"Seminars\"}]},{\"@type\":\"WebSite\",\"@id\":\"https:\/\/www.chateau-de-bogard.com\/#website\",\"url\":\"https:\/\/www.chateau-de-bogard.com\/\",\"name\":\"Ch\u00e2teau de Bogard\",\"description\":\"Mariages, C\u00e9r\u00e9monies la\u00efques, R\u00e9ceptions, \u00c9venementiel, s\u00e9minaires d&#039;entreprises\",\"potentialAction\":[{\"@type\":\"SearchAction\",\"target\":{\"@type\":\"EntryPoint\",\"urlTemplate\":\"https:\/\/www.chateau-de-bogard.com\/?s={search_term_string}\"},\"query-input\":{\"@type\":\"PropertyValueSpecification\",\"valueRequired\":true,\"valueName\":\"search_term_string\"}}],\"inLanguage\":\"en-US\"}]}<\/script>\n<!-- \/ Yoast SEO plugin. -->","yoast_head_json":{"title":"Seminars - Ch\u00e2teau de Bogard","description":"Discover the gardens of the Ch\u00e2teau de Bogard for your wedding or religious ceremony in Brittany, C\u00f4tes d'Armor, Quessoy.","robots":{"index":"index","follow":"follow","max-snippet":"max-snippet:-1","max-image-preview":"max-image-preview:large","max-video-preview":"max-video-preview:-1"},"canonical":"https:\/\/www.chateau-de-bogard.com\/en\/entreprises\/","og_locale":"en_US","og_type":"article","og_title":"Seminars - Ch\u00e2teau de Bogard","og_description":"Discover the gardens of the Ch\u00e2teau de Bogard for your wedding or religious ceremony in Brittany, C\u00f4tes d'Armor, Quessoy.","og_url":"https:\/\/www.chateau-de-bogard.com\/en\/entreprises\/","og_site_name":"Ch\u00e2teau de Bogard","article_modified_time":"2026-03-11T05:53:47+00:00","twitter_card":"summary_large_image","twitter_misc":{"Est. reading time":"3 minutes"},"schema":{"@context":"https:\/\/schema.org","@graph":[{"@type":"WebPage","@id":"https:\/\/www.chateau-de-bogard.com\/en\/entreprises\/","url":"https:\/\/www.chateau-de-bogard.com\/en\/entreprises\/","name":"Seminars - Ch\u00e2teau de Bogard","isPartOf":{"@id":"https:\/\/www.chateau-de-bogard.com\/#website"},"datePublished":"2023-09-30T04:17:49+00:00","dateModified":"2026-03-11T05:53:47+00:00","description":"Discover the gardens of the Ch\u00e2teau de Bogard for your wedding or religious ceremony in Brittany, C\u00f4tes d'Armor, Quessoy.","breadcrumb":{"@id":"https:\/\/www.chateau-de-bogard.com\/en\/entreprises\/#breadcrumb"},"inLanguage":"en-US","potentialAction":[{"@type":"ReadAction","target":["https:\/\/www.chateau-de-bogard.com\/en\/entreprises\/"]}]},{"@type":"BreadcrumbList","@id":"https:\/\/www.chateau-de-bogard.com\/en\/entreprises\/#breadcrumb","itemListElement":[{"@type":"ListItem","position":1,"name":"Accueil","item":"https:\/\/www.chateau-de-bogard.com\/en\/home\/"},{"@type":"ListItem","position":2,"name":"Seminars"}]},{"@type":"WebSite","@id":"https:\/\/www.chateau-de-bogard.com\/#website","url":"https:\/\/www.chateau-de-bogard.com\/","name":"Ch\u00e2teau de Bogard","description":"Mariages, C\u00e9r\u00e9monies la\u00efques, R\u00e9ceptions, \u00c9venementiel, s\u00e9minaires d&#039;entreprises","potentialAction":[{"@type":"SearchAction","target":{"@type":"EntryPoint","urlTemplate":"https:\/\/www.chateau-de-bogard.com\/?s={search_term_string}"},"query-input":{"@type":"PropertyValueSpecification","valueRequired":true,"valueName":"search_term_string"}}],"inLanguage":"en-US"}]}},"jetpack_sharing_enabled":true,"_links":{"self":[{"href":"https:\/\/www.chateau-de-bogard.com\/en\/wp-json\/wp\/v2\/pages\/6381","targetHints":{"allow":["GET"]}}],"collection":[{"href":"https:\/\/www.chateau-de-bogard.com\/en\/wp-json\/wp\/v2\/pages"}],"about":[{"href":"https:\/\/www.chateau-de-bogard.com\/en\/wp-json\/wp\/v2\/types\/page"}],"author":[{"embeddable":true,"href":"https:\/\/www.chateau-de-bogard.com\/en\/wp-json\/wp\/v2\/users\/2"}],"replies":[{"embeddable":true,"href":"https:\/\/www.chateau-de-bogard.com\/en\/wp-json\/wp\/v2\/comments?post=6381"}],"version-history":[{"count":6,"href":"https:\/\/www.chateau-de-bogard.com\/en\/wp-json\/wp\/v2\/pages\/6381\/revisions"}],"predecessor-version":[{"id":7918,"href":"https:\/\/www.chateau-de-bogard.com\/en\/wp-json\/wp\/v2\/pages\/6381\/revisions\/7918"}],"wp:attachment":[{"href":"https:\/\/www.chateau-de-bogard.com\/en\/wp-json\/wp\/v2\/media?parent=6381"}],"curies":[{"name":"wp","href":"https:\/\/api.w.org\/{rel}","templated":true}]}}