{"id":6378,"date":"2023-05-18T17:21:01","date_gmt":"2023-05-18T15:21:01","guid":{"rendered":"https:\/\/www.chateau-de-bogard.com\/mariages\/"},"modified":"2026-04-01T15:52:45","modified_gmt":"2026-04-01T13:52:45","slug":"mariages","status":"publish","type":"page","link":"https:\/\/www.chateau-de-bogard.com\/en\/mariages\/","title":{"rendered":"Weddings"},"content":{"rendered":"<div class=\"wpb-content-wrapper\"><p>[vc_row][vc_column][vc_single_image image=&#8221;4837&#8243; img_size=&#8221;full&#8221;][\/vc_column][\/vc_row][vc_row content_aligment=&#8221;center&#8221; css=&#8221;.vc_custom_1695830006722{background-position: 0 0 !important;background-repeat: repeat !important;}&#8221;][vc_column][vc_row_inner content_width=&#8221;grid&#8221; transition_delay=&#8221;1000&#8243;][vc_column_inner][vc_empty_space][vc_column_text]<\/p>\n<h1 style=\"text-align: center;\">Organize your dream wedding at the Ch\u00e2teau de Bogard&#8230;<\/h1>\n<p>[\/vc_column_text][vc_empty_space height=&#8221;16px&#8221;][\/vc_column_inner][\/vc_row_inner][vc_row_inner content_width=&#8221;grid&#8221;][vc_column_inner width=&#8221;1\/2&#8243;][vc_empty_space height=&#8221;40px&#8221;][vc_gallery interval=&#8221;0&#8243; images=&#8221;6714,6663,6628,6630,6618,6600,6626,6606,6602,6722,6652,6620,6612,6636,6720,6716,6718,6671,6596,6594,6614,6665,6668,6751,6726,6697,6695&#8243; img_size=&#8221;full&#8221;][\/vc_column_inner][vc_column_inner width=&#8221;1\/2&#8243;][vc_empty_space height=&#8221;35px&#8221;][vc_column_text]<\/p>\n<h3 style=\"text-align: justify;\">A large, prestigious and romantic space<\/h3>\n<h4 style=\"text-align: justify;\">Ch\u00e2teau de Bogard offers you the opportunity to organize your wedding in the C\u00f4tes d&#8217;Armor region in a prestigious and romantic setting, with large, peaceful spaces, sunny until sunset, to warmly welcome your guests.<\/h4>\n<h4 style=\"text-align: justify;\">The park, with its unobstructed view over a pond and surrounded by medieval terraces, is at your disposal. You can organize your cocktail party and wedding ceremony at your convenience. The medieval terraces, transformed into romantic arbors, are ideal for strolls and wedding photos. Large spaces also allow you to add tents and marquees.<\/h4>\n<p>[\/vc_column_text][\/vc_column_inner][\/vc_row_inner][vc_empty_space height=&#8221;5px&#8221;][vc_row_inner content_width=&#8221;grid&#8221;][vc_column_inner width=&#8221;1\/2&#8243; offset=&#8221;vc_hidden-lg vc_hidden-md vc_hidden-sm&#8221;][vc_empty_space][vc_gallery interval=&#8221;0&#8243; images=&#8221;6738,4774,6686,6711,6705,6678,6690,6688,6680,6676,6674,6740,6709,4064,6701,6693,6736,6732,6707,6699,6749,4775,6682,6684,6734,4778,6728&#8243; img_size=&#8221;full&#8221;][\/vc_column_inner][vc_column_inner width=&#8221;1\/2&#8243; offset=&#8221;vc_hidden-lg vc_hidden-md vc_hidden-sm&#8221;][vc_empty_space height=&#8221;25px&#8221;][vc_column_text]<\/p>\n<h3>Reception capacity<\/h3>\n<h4 style=\"text-align: justify;\">The reception area at l&#8217;Orangerie includes :<\/h4>\n<h4 style=\"text-align: justify;\">&#8211; <strong>A room for cocktails, opening onto the lawn in front of the ch\u00e2teau<\/strong>, allowing your guests to take full advantage of the outdoor spaces and gardens, with a view of the entire park and the ch\u00e2teau&#8217;s sunny fa\u00e7ade. If the weather is uncertain, you can still enjoy the beauty of the landscape in the room with its large glass doors.<\/h4>\n<h4 style=\"text-align: justify;\">&#8211; <strong>A dining room for up to 170 seated din<\/strong> ers, extending into a dance area. Furniture (tables, chairs, easel) is provided and included in the rental price. A &#8220;catering&#8221; area with a large cold room adjoining the reception hall will enable your service provider to organize your meal in the best possible conditions.<\/h4>\n<h4 style=\"text-align: justify;\">&#8211; The reception rooms all open out through large glass doors onto <strong>the Orangerie&#8217;s inner courtyard<\/strong>, lined with topiary hedges, an ideal space for creating a more intimate atmosphere for your guests.<\/h4>\n<p>[\/vc_column_text][\/vc_column_inner][\/vc_row_inner][vc_row_inner content_width=&#8221;grid&#8221;][vc_column_inner width=&#8221;1\/2&#8243; offset=&#8221;vc_hidden-xs&#8221;][vc_empty_space height=&#8221;25px&#8221;][vc_column_text]<\/p>\n<h3>Reception capacity<\/h3>\n<h4 style=\"text-align: justify;\">The reception area at l&#8217;Orangerie includes :<\/h4>\n<h4 style=\"text-align: justify;\">&#8211; <strong>A room for cocktails, opening onto the lawn in front of the ch\u00e2teau<\/strong>, allowing your guests to take full advantage of the outdoor spaces and gardens, with a view of the entire park and the ch\u00e2teau&#8217;s sunny fa\u00e7ade. If the weather is uncertain, you can still enjoy the beauty of the landscape in the room with its large glass doors.<\/h4>\n<h4 style=\"text-align: justify;\">&#8211; <strong>A dining room for up to 170 seated din<\/strong> ers, extending into a dance area. Furniture (tables, chairs, easel) is provided and included in the rental price. A &#8220;catering&#8221; area with a large cold room adjoining the reception hall will enable your service provider to organize your meal in the best possible conditions.<\/h4>\n<h4 style=\"text-align: justify;\">&#8211; The reception rooms all open out through large glass doors onto <strong>the Orangerie&#8217;s inner courtyard<\/strong>, lined with topiary hedges, an ideal space for creating a more intimate atmosphere for your guests.<\/h4>\n<p>[\/vc_column_text][\/vc_column_inner][vc_column_inner width=&#8221;1\/2&#8243; offset=&#8221;vc_hidden-xs&#8221;][vc_empty_space][vc_gallery interval=&#8221;0&#8243; images=&#8221;6738,4774,6686,6711,6705,6678,6690,6688,6680,6676,6674,6740,6709,4064,6701,6693,6736,6732,6707,6699,6749,4775,6682,6684,6734,4778,6728&#8243; img_size=&#8221;full&#8221;][\/vc_column_inner][\/vc_row_inner][vc_empty_space height=&#8221;3px&#8221;][vc_row_inner content_width=&#8221;grid&#8221;][vc_column_inner width=&#8221;1\/2&#8243; offset=&#8221;vc_hidden-xs&#8221;][vc_empty_space height=&#8221;40px&#8221;][vc_gallery interval=&#8221;0&#8243; images=&#8221;6843,6841,6845,4241,6808,6823,6827,6825,6837,6831,6829,6839&#8243; img_size=&#8221;full&#8221;][\/vc_column_inner][vc_column_inner width=&#8221;1\/2&#8243; offset=&#8221;vc_hidden-xs&#8221;][vc_empty_space height=&#8221;100px&#8221;][vc_column_text]<\/p>\n<h3>Lodging capacity<\/h3>\n<h4 style=\"text-align: justify;\"><strong>We can accommodate up to 31 people for overnight stays<\/strong>:<\/h4>\n<h4 style=\"text-align: justify;\">&#8211; The reception rooms at the Orangerie are connected to a house that can accommodate 15 people. This home also provides access to the Orangerie&#8217;s inner courtyard. It&#8217;s ideal for welcoming your close family in comfort and privacy.<\/h4>\n<h4 style=\"text-align: justify;\">&#8211; An apartment at the ch\u00e2teau can also accommodate 6 people.<\/h4>\n<h4 style=\"text-align: justify;\">&#8211; And a g\u00eete 1 km from the ch\u00e2teau (15 min walk) can accommodate a further 10 people.<\/h4>\n<p>[\/vc_column_text][\/vc_column_inner][\/vc_row_inner][vc_row_inner content_width=&#8221;grid&#8221;][vc_column_inner width=&#8221;1\/2&#8243; offset=&#8221;vc_hidden-lg vc_hidden-md vc_hidden-sm&#8221;][vc_empty_space height=&#8221;40px&#8221;][vc_gallery interval=&#8221;0&#8243; images=&#8221;6843,6841,6845,4241,6808,6823,6827,6825,6837,6831,6829,6839&#8243; img_size=&#8221;full&#8221;][\/vc_column_inner][vc_column_inner width=&#8221;1\/2&#8243; offset=&#8221;vc_hidden-lg vc_hidden-md vc_hidden-sm&#8221;][vc_empty_space height=&#8221;0px&#8221;][vc_column_text]<\/p>\n<h3>Lodging capacity<\/h3>\n<h4 style=\"text-align: justify;\"><strong>We can accommodate up to 31 people for overnight stays<\/strong>:<\/h4>\n<h4 style=\"text-align: justify;\">&#8211; The reception rooms at the Orangerie are connected to a house that can accommodate 15 people. This home also provides access to the Orangerie&#8217;s inner courtyard. It&#8217;s ideal for welcoming your close family in comfort and privacy.<\/h4>\n<h4 style=\"text-align: justify;\">&#8211; An apartment at the ch\u00e2teau can also accommodate 6 people.<\/h4>\n<h4 style=\"text-align: justify;\">&#8211; And a g\u00eete 1 km from the ch\u00e2teau (15 min walk) can accommodate a further 10 people.<\/h4>\n<p>[\/vc_column_text][\/vc_column_inner][\/vc_row_inner][vc_empty_space][vc_row_inner content_width=&#8221;grid&#8221;][vc_column_inner width=&#8221;1\/2&#8243; offset=&#8221;vc_hidden-lg vc_hidden-md vc_hidden-sm&#8221;][vc_gallery interval=&#8221;0&#8243; images=&#8221;5250&#8243; img_size=&#8221;full&#8221;][\/vc_column_inner][vc_column_inner width=&#8221;1\/2&#8243; offset=&#8221;vc_hidden-lg vc_hidden-md vc_hidden-sm&#8221;][vc_empty_space height=&#8221;0px&#8221;][vc_column_text]<\/p>\n<h3 style=\"text-align: justify;\">Our wedding gift&#8230;<\/h3>\n<h4 style=\"text-align: justify;\">We&#8217;d also like to share in your happiness and offer you a wedding gift: <strong>we&#8217;re giving the bride and groom exclusive and privileged access to a suite in the private areas of the ch\u00e2teau<\/strong>.<\/h4>\n<h4 style=\"text-align: justify;\">This suite is an ideal space for the bride and groom to prepare for the wedding ceremony in complete peace and privacy, and to enjoy a space away from the hustle and bustle of the reception halls and other homes.<\/h4>\n<p>[\/vc_column_text][\/vc_column_inner][\/vc_row_inner][vc_row_inner content_width=&#8221;grid&#8221;][vc_column_inner width=&#8221;1\/2&#8243; offset=&#8221;vc_hidden-xs&#8221;][vc_empty_space][vc_column_text]<\/p>\n<h3 style=\"text-align: justify;\">Our wedding gift&#8230;<\/h3>\n<h4 style=\"text-align: justify;\">We&#8217;d also like to share in your happiness and offer you a wedding gift: <strong>we&#8217;re giving the bride and groom exclusive and privileged access to a suite in the private areas of the ch\u00e2teau<\/strong>.<\/h4>\n<h4 style=\"text-align: justify;\">This suite is an ideal space for the bride and groom to prepare for the wedding ceremony in complete peace and privacy, and to enjoy a space away from the hustle and bustle of the reception halls and other homes.<\/h4>\n<p>[\/vc_column_text][\/vc_column_inner][vc_column_inner width=&#8221;1\/2&#8243; offset=&#8221;vc_hidden-xs&#8221;][vc_gallery interval=&#8221;0&#8243; images=&#8221;5250&#8243; img_size=&#8221;full&#8221;][\/vc_column_inner][\/vc_row_inner][vc_empty_space][vc_row_inner content_width=&#8221;grid&#8221;][vc_column_inner width=&#8221;1\/2&#8243;][vc_gallery interval=&#8221;0&#8243; images=&#8221;2906&#8243; img_size=&#8221;full&#8221;][\/vc_column_inner][vc_column_inner width=&#8221;1\/2&#8243;][vc_column_text]<\/p>\n<h3 style=\"text-align: justify;\">General terms and conditions&#8230;<\/h3>\n<h4 style=\"text-align: justify;\">&#8211; Renting the Orangerie means that the ch\u00e2teau&#8217;s gardens will be entirely reserved for your wedding day. This booking includes: the two reception rooms (cocktail and meal), the 16-person living quarters and the Orangerie courtyard, the lawn in front of the ch\u00e2teau, the park and surrounding gardens.<\/h4>\n<h4 style=\"text-align: justify;\">&#8211; The Orangerie is open from 6pm on Thursday evening until 10am on Monday morning, to give you time to settle in, prepare and enjoy this exceptional moment in your life.<\/h4>\n<h4>&#8211; There is no time limit for the sound system. The site, with its 40 hectares of woods and meadows, is relatively far from any other dwellings. So you won&#8217;t disturb the neighbors if you want to party into the wee hours.<\/h4>\n<h4>&#8211; You have a free choice of service providers. However, if you&#8217;d like us to help you find the right service provider, we&#8217;ll be happy to share our experience and advise you.<\/h4>\n<h4>&#8211; Space at the Orangerie is rented as a package (reception rooms + living quarters).<\/h4>\n<h4>&#8211; The ch\u00e2teau apartment and the additional 10-person g\u00eete can be rented independently of the Orangerie. These accommodations can be rented for one night (e.g. Saturday evening) or for several days, depending on your needs.<\/h4>\n<h4>&#8211; Linen is optional (sheets, pillowcases, towels). You can bring your own linen or reserve it as an optional extra fee when booking the cottages.<\/h4>\n<h4>&#8211; You have the right to add structures adjoining the halls (tents and marquees) for the organization of your ceremony.<\/h4>\n<h4>&#8211; Our reception areas are accessible to people with reduced mobility.<\/h4>\n<p>[\/vc_column_text][\/vc_column_inner][\/vc_row_inner][vc_empty_space][vc_column_text css=&#8221;&#8221;]<\/p>\n<h2>For further information, to arrange a visit or make a reservation, please write to us via the tab <a href=\"https:\/\/www.chateau-de-bogard.com\/en\/contact\/\"><strong>CONTACT<\/strong><\/a>.<\/h2>\n<p>[\/vc_column_text][vc_empty_space height=&#8221;80px&#8221;][\/vc_column][\/vc_row]<\/p>\n<\/div>","protected":false},"excerpt":{"rendered":"<p>[vc_row][vc_column][vc_single_image image=&#8221;4837&#8243; img_size=&#8221;full&#8221;][\/vc_column][\/vc_row][vc_row content_aligment=&#8221;center&#8221; css=&#8221;.vc_custom_1695830006722{background-position: 0 0 !important;background-repeat: repeat !important;}&#8221;][vc_column][vc_row_inner content_width=&#8221;grid&#8221; transition_delay=&#8221;1000&#8243;][vc_column_inner][vc_empty_space][vc_column_text] Organize your dream wedding at the Ch\u00e2teau de Bogard&#8230; [\/vc_column_text][vc_empty_space height=&#8221;16px&#8221;][\/vc_column_inner][\/vc_row_inner][vc_row_inner content_width=&#8221;grid&#8221;][vc_column_inner width=&#8221;1\/2&#8243;][vc_empty_space height=&#8221;40px&#8221;][vc_gallery interval=&#8221;0&#8243; images=&#8221;6714,6663,6628,6630,6618,6600,6626,6606,6602,6722,6652,6620,6612,6636,6720,6716,6718,6671,6596,6594,6614,6665,6668,6751,6726,6697,6695&#8243; img_size=&#8221;full&#8221;][\/vc_column_inner][vc_column_inner width=&#8221;1\/2&#8243;][vc_empty_space height=&#8221;35px&#8221;][vc_column_text] A large, prestigious and romantic space Ch\u00e2teau de Bogard offers you the opportunity to&#8230;<\/p>\n","protected":false},"author":1,"featured_media":0,"parent":0,"menu_order":0,"comment_status":"closed","ping_status":"closed","template":"full-width.php","meta":{"footnotes":""},"class_list":["post-6378","page","type-page","status-publish","hentry"],"yoast_head":"<!-- This site is optimized with the Yoast SEO plugin v26.6 - https:\/\/yoast.com\/wordpress\/plugins\/seo\/ -->\n<title>Weddings - Ch\u00e2teau de Bogard<\/title>\n<meta name=\"robots\" content=\"index, follow, max-snippet:-1, max-image-preview:large, max-video-preview:-1\" \/>\n<link rel=\"canonical\" href=\"https:\/\/www.chateau-de-bogard.com\/en\/mariages\/\" \/>\n<meta property=\"og:locale\" content=\"en_US\" \/>\n<meta property=\"og:type\" content=\"article\" \/>\n<meta property=\"og:title\" content=\"Weddings - Ch\u00e2teau de Bogard\" \/>\n<meta property=\"og:description\" content=\"[vc_row][vc_column][vc_single_image image=&#8221;4837&#8243; img_size=&#8221;full&#8221;][\/vc_column][\/vc_row][vc_row content_aligment=&#8221;center&#8221; css=&#8221;.vc_custom_1695830006722{background-position: 0 0 !important;background-repeat: repeat !important;}&#8221;][vc_column][vc_row_inner content_width=&#8221;grid&#8221; transition_delay=&#8221;1000&#8243;][vc_column_inner][vc_empty_space][vc_column_text] Organize your dream wedding at the Ch\u00e2teau de Bogard&#8230; [\/vc_column_text][vc_empty_space height=&#8221;16px&#8221;][\/vc_column_inner][\/vc_row_inner][vc_row_inner content_width=&#8221;grid&#8221;][vc_column_inner width=&#8221;1\/2&#8243;][vc_empty_space height=&#8221;40px&#8221;][vc_gallery interval=&#8221;0&#8243; images=&#8221;6714,6663,6628,6630,6618,6600,6626,6606,6602,6722,6652,6620,6612,6636,6720,6716,6718,6671,6596,6594,6614,6665,6668,6751,6726,6697,6695&#8243; img_size=&#8221;full&#8221;][\/vc_column_inner][vc_column_inner width=&#8221;1\/2&#8243;][vc_empty_space height=&#8221;35px&#8221;][vc_column_text] A large, prestigious and romantic space Ch\u00e2teau de Bogard offers you the opportunity to...\" \/>\n<meta property=\"og:url\" content=\"https:\/\/www.chateau-de-bogard.com\/en\/mariages\/\" \/>\n<meta property=\"og:site_name\" content=\"Ch\u00e2teau de Bogard\" \/>\n<meta property=\"article:modified_time\" content=\"2026-04-01T13:52:45+00:00\" \/>\n<meta name=\"twitter:card\" content=\"summary_large_image\" \/>\n<meta name=\"twitter:label1\" content=\"Est. reading time\" \/>\n\t<meta name=\"twitter:data1\" content=\"8 minutes\" \/>\n<script type=\"application\/ld+json\" class=\"yoast-schema-graph\">{\"@context\":\"https:\/\/schema.org\",\"@graph\":[{\"@type\":\"WebPage\",\"@id\":\"https:\/\/www.chateau-de-bogard.com\/en\/mariages\/\",\"url\":\"https:\/\/www.chateau-de-bogard.com\/en\/mariages\/\",\"name\":\"Weddings - Ch\u00e2teau de Bogard\",\"isPartOf\":{\"@id\":\"https:\/\/www.chateau-de-bogard.com\/#website\"},\"datePublished\":\"2023-05-18T15:21:01+00:00\",\"dateModified\":\"2026-04-01T13:52:45+00:00\",\"breadcrumb\":{\"@id\":\"https:\/\/www.chateau-de-bogard.com\/en\/mariages\/#breadcrumb\"},\"inLanguage\":\"en-US\",\"potentialAction\":[{\"@type\":\"ReadAction\",\"target\":[\"https:\/\/www.chateau-de-bogard.com\/en\/mariages\/\"]}]},{\"@type\":\"BreadcrumbList\",\"@id\":\"https:\/\/www.chateau-de-bogard.com\/en\/mariages\/#breadcrumb\",\"itemListElement\":[{\"@type\":\"ListItem\",\"position\":1,\"name\":\"Accueil\",\"item\":\"https:\/\/www.chateau-de-bogard.com\/en\/home\/\"},{\"@type\":\"ListItem\",\"position\":2,\"name\":\"Weddings\"}]},{\"@type\":\"WebSite\",\"@id\":\"https:\/\/www.chateau-de-bogard.com\/#website\",\"url\":\"https:\/\/www.chateau-de-bogard.com\/\",\"name\":\"Ch\u00e2teau de Bogard\",\"description\":\"Mariages, C\u00e9r\u00e9monies la\u00efques, R\u00e9ceptions, \u00c9venementiel, s\u00e9minaires d&#039;entreprises\",\"potentialAction\":[{\"@type\":\"SearchAction\",\"target\":{\"@type\":\"EntryPoint\",\"urlTemplate\":\"https:\/\/www.chateau-de-bogard.com\/?s={search_term_string}\"},\"query-input\":{\"@type\":\"PropertyValueSpecification\",\"valueRequired\":true,\"valueName\":\"search_term_string\"}}],\"inLanguage\":\"en-US\"}]}<\/script>\n<!-- \/ Yoast SEO plugin. -->","yoast_head_json":{"title":"Weddings - Ch\u00e2teau de Bogard","robots":{"index":"index","follow":"follow","max-snippet":"max-snippet:-1","max-image-preview":"max-image-preview:large","max-video-preview":"max-video-preview:-1"},"canonical":"https:\/\/www.chateau-de-bogard.com\/en\/mariages\/","og_locale":"en_US","og_type":"article","og_title":"Weddings - Ch\u00e2teau de Bogard","og_description":"[vc_row][vc_column][vc_single_image image=&#8221;4837&#8243; img_size=&#8221;full&#8221;][\/vc_column][\/vc_row][vc_row content_aligment=&#8221;center&#8221; css=&#8221;.vc_custom_1695830006722{background-position: 0 0 !important;background-repeat: repeat !important;}&#8221;][vc_column][vc_row_inner content_width=&#8221;grid&#8221; transition_delay=&#8221;1000&#8243;][vc_column_inner][vc_empty_space][vc_column_text] Organize your dream wedding at the Ch\u00e2teau de Bogard&#8230; [\/vc_column_text][vc_empty_space height=&#8221;16px&#8221;][\/vc_column_inner][\/vc_row_inner][vc_row_inner content_width=&#8221;grid&#8221;][vc_column_inner width=&#8221;1\/2&#8243;][vc_empty_space height=&#8221;40px&#8221;][vc_gallery interval=&#8221;0&#8243; images=&#8221;6714,6663,6628,6630,6618,6600,6626,6606,6602,6722,6652,6620,6612,6636,6720,6716,6718,6671,6596,6594,6614,6665,6668,6751,6726,6697,6695&#8243; img_size=&#8221;full&#8221;][\/vc_column_inner][vc_column_inner width=&#8221;1\/2&#8243;][vc_empty_space height=&#8221;35px&#8221;][vc_column_text] A large, prestigious and romantic space Ch\u00e2teau de Bogard offers you the opportunity to...","og_url":"https:\/\/www.chateau-de-bogard.com\/en\/mariages\/","og_site_name":"Ch\u00e2teau de Bogard","article_modified_time":"2026-04-01T13:52:45+00:00","twitter_card":"summary_large_image","twitter_misc":{"Est. reading time":"8 minutes"},"schema":{"@context":"https:\/\/schema.org","@graph":[{"@type":"WebPage","@id":"https:\/\/www.chateau-de-bogard.com\/en\/mariages\/","url":"https:\/\/www.chateau-de-bogard.com\/en\/mariages\/","name":"Weddings - Ch\u00e2teau de Bogard","isPartOf":{"@id":"https:\/\/www.chateau-de-bogard.com\/#website"},"datePublished":"2023-05-18T15:21:01+00:00","dateModified":"2026-04-01T13:52:45+00:00","breadcrumb":{"@id":"https:\/\/www.chateau-de-bogard.com\/en\/mariages\/#breadcrumb"},"inLanguage":"en-US","potentialAction":[{"@type":"ReadAction","target":["https:\/\/www.chateau-de-bogard.com\/en\/mariages\/"]}]},{"@type":"BreadcrumbList","@id":"https:\/\/www.chateau-de-bogard.com\/en\/mariages\/#breadcrumb","itemListElement":[{"@type":"ListItem","position":1,"name":"Accueil","item":"https:\/\/www.chateau-de-bogard.com\/en\/home\/"},{"@type":"ListItem","position":2,"name":"Weddings"}]},{"@type":"WebSite","@id":"https:\/\/www.chateau-de-bogard.com\/#website","url":"https:\/\/www.chateau-de-bogard.com\/","name":"Ch\u00e2teau de Bogard","description":"Mariages, C\u00e9r\u00e9monies la\u00efques, R\u00e9ceptions, \u00c9venementiel, s\u00e9minaires d&#039;entreprises","potentialAction":[{"@type":"SearchAction","target":{"@type":"EntryPoint","urlTemplate":"https:\/\/www.chateau-de-bogard.com\/?s={search_term_string}"},"query-input":{"@type":"PropertyValueSpecification","valueRequired":true,"valueName":"search_term_string"}}],"inLanguage":"en-US"}]}},"jetpack_sharing_enabled":true,"_links":{"self":[{"href":"https:\/\/www.chateau-de-bogard.com\/en\/wp-json\/wp\/v2\/pages\/6378","targetHints":{"allow":["GET"]}}],"collection":[{"href":"https:\/\/www.chateau-de-bogard.com\/en\/wp-json\/wp\/v2\/pages"}],"about":[{"href":"https:\/\/www.chateau-de-bogard.com\/en\/wp-json\/wp\/v2\/types\/page"}],"author":[{"embeddable":true,"href":"https:\/\/www.chateau-de-bogard.com\/en\/wp-json\/wp\/v2\/users\/1"}],"replies":[{"embeddable":true,"href":"https:\/\/www.chateau-de-bogard.com\/en\/wp-json\/wp\/v2\/comments?post=6378"}],"version-history":[{"count":8,"href":"https:\/\/www.chateau-de-bogard.com\/en\/wp-json\/wp\/v2\/pages\/6378\/revisions"}],"predecessor-version":[{"id":8141,"href":"https:\/\/www.chateau-de-bogard.com\/en\/wp-json\/wp\/v2\/pages\/6378\/revisions\/8141"}],"wp:attachment":[{"href":"https:\/\/www.chateau-de-bogard.com\/en\/wp-json\/wp\/v2\/media?parent=6378"}],"curies":[{"name":"wp","href":"https:\/\/api.w.org\/{rel}","templated":true}]}}